{"id":492,"date":"2017-03-17T12:51:04","date_gmt":"2017-03-17T12:51:04","guid":{"rendered":"https:\/\/prolift.ee\/?page_id=492\/"},"modified":"2017-03-17T12:51:25","modified_gmt":"2017-03-17T12:51:25","slug":"meist","status":"publish","type":"page","link":"https:\/\/prolift.ee\/ru\/meist\/","title":{"rendered":"Meist RUS"},"content":{"rendered":"<p>Pro Lift on veoautode t\u00f5stemehhanismide, nende lisaseadmete, h\u00fcdrauliliste komponentide ja pealisehituse detailide maaletooja ja m\u00fc\u00fcja.<\/p>\n<p>Pakume valmislahendusi raamautodele \u2013 paigaldame tehasest tulnud veoauto rungale kliendi poolt soovitud pealisehituse koos t\u00e4islahendusega (kallur, madel, konkslift, trosslift koos v\u00f5i ilma h\u00fcdrot\u00f5stukita, metsaveoauto, tentfurgoon, treiler jne). T\u00e4islahendus sisaldab projekteerimist, stabiilsus- ja koormusjaotuse arvestust, pealisehituse teostust, testimist, riiklikku t\u00fc\u00fcbikinnitust ja koolitust.<\/p>\n<p>Pakume teenindust k\u00f5ikidele veoautode pealisehitustele. Teostame veoautode pealisehituste hooldust, taastust ja remonti. Oma senise tegevusaja jooksul oleme teostanud \u00fcle 200 veoauto valmislahenduse. Alates 2008. aasta l\u00f5pust asume uues ja kaasaegses tootmishoones Tallinna k\u00fclje all Loo alevikus.<\/p>\n<p><img fetchpriority=\"high\" decoding=\"async\" class=\"size-medium wp-image-337 aligncenter\" src=\"https:\/\/prolift.ee\/wp-content\/uploads\/2017\/02\/photo-2-of-46-1030x687-550x367.jpg\" alt=\"\" width=\"550\" height=\"367\" srcset=\"https:\/\/prolift.ee\/wp-content\/uploads\/2017\/02\/photo-2-of-46-1030x687-550x367.jpg 550w, https:\/\/prolift.ee\/wp-content\/uploads\/2017\/02\/photo-2-of-46-1030x687-768x512.jpg 768w, https:\/\/prolift.ee\/wp-content\/uploads\/2017\/02\/photo-2-of-46-1030x687-1024x683.jpg 1024w, https:\/\/prolift.ee\/wp-content\/uploads\/2017\/02\/photo-2-of-46-1030x687-80x53.jpg 80w, https:\/\/prolift.ee\/wp-content\/uploads\/2017\/02\/photo-2-of-46-1030x687.jpg 1030w\" sizes=\"(max-width: 550px) 100vw, 550px\" \/><\/p>\n<p>&nbsp;<\/p>\n","protected":false},"excerpt":{"rendered":"<p>Pro Lift on veoautode t\u00f5stemehhanismide, nende lisaseadmete, h\u00fcdrauliliste komponentide ja pealisehituse detailide maaletooja ja m\u00fc\u00fcja. Pakume valmislahendusi raamautodele \u2013 paigaldame tehasest tulnud veoauto rungale kliendi poolt soovitud pealisehituse koos t\u00e4islahendusega (kallur, madel, konkslift, trosslift koos v\u00f5i ilma h\u00fcdrot\u00f5stukita, metsaveoauto, tentfurgoon, treiler jne). T\u00e4islahendus sisaldab projekteerimist, stabiilsus- ja koormusjaotuse arvestust, pealisehituse teostust, testimist, riiklikku t\u00fc\u00fcbikinnitust ja [&hellip;]<\/p>\n","protected":false},"author":6,"featured_media":0,"parent":0,"menu_order":0,"comment_status":"closed","ping_status":"closed","template":"page-2col.php","meta":{"footnotes":""},"class_list":["post-492","page","type-page","status-publish","hentry"],"yoast_head":"<!-- This site is optimized with the Yoast SEO plugin v27.3 - https:\/\/yoast.com\/product\/yoast-seo-wordpress\/ -->\n<title>Meist RUS - Pro Lift O\u00dc<\/title>\n<meta name=\"robots\" content=\"index, follow, max-snippet:-1, max-image-preview:large, max-video-preview:-1\" \/>\n<link rel=\"canonical\" href=\"https:\/\/prolift.ee\/ru\/meist\/\" \/>\n<meta property=\"og:locale\" content=\"ru_RU\" \/>\n<meta property=\"og:type\" content=\"article\" \/>\n<meta property=\"og:title\" content=\"Meist RUS - Pro Lift O\u00dc\" \/>\n<meta property=\"og:description\" content=\"Pro Lift on veoautode t\u00f5stemehhanismide, nende lisaseadmete, h\u00fcdrauliliste komponentide ja pealisehituse detailide maaletooja ja m\u00fc\u00fcja. Pakume valmislahendusi raamautodele \u2013 paigaldame tehasest tulnud veoauto rungale kliendi poolt soovitud pealisehituse koos t\u00e4islahendusega (kallur, madel, konkslift, trosslift koos v\u00f5i ilma h\u00fcdrot\u00f5stukita, metsaveoauto, tentfurgoon, treiler jne). T\u00e4islahendus sisaldab projekteerimist, stabiilsus- ja koormusjaotuse arvestust, pealisehituse teostust, testimist, riiklikku t\u00fc\u00fcbikinnitust ja [&hellip;]\" \/>\n<meta property=\"og:url\" content=\"https:\/\/prolift.ee\/ru\/meist\/\" \/>\n<meta property=\"og:site_name\" content=\"Pro Lift O\u00dc\" \/>\n<meta property=\"article:publisher\" content=\"https:\/\/www.facebook.com\/proliftou\" \/>\n<meta property=\"article:modified_time\" content=\"2017-03-17T12:51:25+00:00\" \/>\n<meta property=\"og:image\" content=\"https:\/\/prolift.ee\/wp-content\/uploads\/2017\/02\/photo-2-of-46-1030x687-550x367.jpg\" \/>\n<meta name=\"twitter:card\" content=\"summary_large_image\" \/>\n<meta name=\"twitter:label1\" content=\"\u041f\u0440\u0438\u043c\u0435\u0440\u043d\u043e\u0435 \u0432\u0440\u0435\u043c\u044f \u0434\u043b\u044f \u0447\u0442\u0435\u043d\u0438\u044f\" \/>\n\t<meta name=\"twitter:data1\" content=\"1 \u043c\u0438\u043d\u0443\u0442\u0430\" \/>\n<script type=\"application\/ld+json\" class=\"yoast-schema-graph\">{\"@context\":\"https:\\\/\\\/schema.org\",\"@graph\":[{\"@type\":\"WebPage\",\"@id\":\"https:\\\/\\\/prolift.ee\\\/ru\\\/meist\\\/\",\"url\":\"https:\\\/\\\/prolift.ee\\\/ru\\\/meist\\\/\",\"name\":\"Meist RUS - Pro Lift O\u00dc\",\"isPartOf\":{\"@id\":\"https:\\\/\\\/prolift.ee\\\/ru\\\/#website\"},\"primaryImageOfPage\":{\"@id\":\"https:\\\/\\\/prolift.ee\\\/ru\\\/meist\\\/#primaryimage\"},\"image\":{\"@id\":\"https:\\\/\\\/prolift.ee\\\/ru\\\/meist\\\/#primaryimage\"},\"thumbnailUrl\":\"https:\\\/\\\/prolift.ee\\\/wp-content\\\/uploads\\\/2017\\\/02\\\/photo-2-of-46-1030x687-550x367.jpg\",\"datePublished\":\"2017-03-17T12:51:04+00:00\",\"dateModified\":\"2017-03-17T12:51:25+00:00\",\"breadcrumb\":{\"@id\":\"https:\\\/\\\/prolift.ee\\\/ru\\\/meist\\\/#breadcrumb\"},\"inLanguage\":\"ru-RU\",\"potentialAction\":[{\"@type\":\"ReadAction\",\"target\":[\"https:\\\/\\\/prolift.ee\\\/ru\\\/meist\\\/\"]}]},{\"@type\":\"ImageObject\",\"inLanguage\":\"ru-RU\",\"@id\":\"https:\\\/\\\/prolift.ee\\\/ru\\\/meist\\\/#primaryimage\",\"url\":\"https:\\\/\\\/prolift.ee\\\/wp-content\\\/uploads\\\/2017\\\/02\\\/photo-2-of-46-1030x687-550x367.jpg\",\"contentUrl\":\"https:\\\/\\\/prolift.ee\\\/wp-content\\\/uploads\\\/2017\\\/02\\\/photo-2-of-46-1030x687-550x367.jpg\"},{\"@type\":\"BreadcrumbList\",\"@id\":\"https:\\\/\\\/prolift.ee\\\/ru\\\/meist\\\/#breadcrumb\",\"itemListElement\":[{\"@type\":\"ListItem\",\"position\":1,\"name\":\"Home\",\"item\":\"https:\\\/\\\/prolift.ee\\\/ru\\\/\"},{\"@type\":\"ListItem\",\"position\":2,\"name\":\"Meist RUS\"}]},{\"@type\":\"WebSite\",\"@id\":\"https:\\\/\\\/prolift.ee\\\/ru\\\/#website\",\"url\":\"https:\\\/\\\/prolift.ee\\\/ru\\\/\",\"name\":\"Pro Lift O\u00dc\",\"description\":\"Pealisehituse valmislahendused\",\"publisher\":{\"@id\":\"https:\\\/\\\/prolift.ee\\\/ru\\\/#organization\"},\"potentialAction\":[{\"@type\":\"SearchAction\",\"target\":{\"@type\":\"EntryPoint\",\"urlTemplate\":\"https:\\\/\\\/prolift.ee\\\/ru\\\/?s={search_term_string}\"},\"query-input\":{\"@type\":\"PropertyValueSpecification\",\"valueRequired\":true,\"valueName\":\"search_term_string\"}}],\"inLanguage\":\"ru-RU\"},{\"@type\":\"Organization\",\"@id\":\"https:\\\/\\\/prolift.ee\\\/ru\\\/#organization\",\"name\":\"Pro Lift O\u00dc\",\"url\":\"https:\\\/\\\/prolift.ee\\\/ru\\\/\",\"logo\":{\"@type\":\"ImageObject\",\"inLanguage\":\"ru-RU\",\"@id\":\"https:\\\/\\\/prolift.ee\\\/ru\\\/#\\\/schema\\\/logo\\\/image\\\/\",\"url\":\"https:\\\/\\\/prolift.ee\\\/wp-content\\\/uploads\\\/2021\\\/07\\\/Logo_Full_Color.svg\",\"contentUrl\":\"https:\\\/\\\/prolift.ee\\\/wp-content\\\/uploads\\\/2021\\\/07\\\/Logo_Full_Color.svg\",\"width\":1,\"height\":1,\"caption\":\"Pro Lift O\u00dc\"},\"image\":{\"@id\":\"https:\\\/\\\/prolift.ee\\\/ru\\\/#\\\/schema\\\/logo\\\/image\\\/\"},\"sameAs\":[\"https:\\\/\\\/www.facebook.com\\\/proliftou\",\"https:\\\/\\\/www.instagram.com\\\/proliftou\\\/\",\"https:\\\/\\\/www.linkedin.com\\\/company\\\/prolift\\\/\"]}]}<\/script>\n<!-- \/ Yoast SEO plugin. -->","yoast_head_json":{"title":"Meist RUS - Pro Lift O\u00dc","robots":{"index":"index","follow":"follow","max-snippet":"max-snippet:-1","max-image-preview":"max-image-preview:large","max-video-preview":"max-video-preview:-1"},"canonical":"https:\/\/prolift.ee\/ru\/meist\/","og_locale":"ru_RU","og_type":"article","og_title":"Meist RUS - Pro Lift O\u00dc","og_description":"Pro Lift on veoautode t\u00f5stemehhanismide, nende lisaseadmete, h\u00fcdrauliliste komponentide ja pealisehituse detailide maaletooja ja m\u00fc\u00fcja. Pakume valmislahendusi raamautodele \u2013 paigaldame tehasest tulnud veoauto rungale kliendi poolt soovitud pealisehituse koos t\u00e4islahendusega (kallur, madel, konkslift, trosslift koos v\u00f5i ilma h\u00fcdrot\u00f5stukita, metsaveoauto, tentfurgoon, treiler jne). T\u00e4islahendus sisaldab projekteerimist, stabiilsus- ja koormusjaotuse arvestust, pealisehituse teostust, testimist, riiklikku t\u00fc\u00fcbikinnitust ja [&hellip;]","og_url":"https:\/\/prolift.ee\/ru\/meist\/","og_site_name":"Pro Lift O\u00dc","article_publisher":"https:\/\/www.facebook.com\/proliftou","article_modified_time":"2017-03-17T12:51:25+00:00","og_image":[{"url":"https:\/\/prolift.ee\/wp-content\/uploads\/2017\/02\/photo-2-of-46-1030x687-550x367.jpg","type":"","width":"","height":""}],"twitter_card":"summary_large_image","twitter_misc":{"\u041f\u0440\u0438\u043c\u0435\u0440\u043d\u043e\u0435 \u0432\u0440\u0435\u043c\u044f \u0434\u043b\u044f \u0447\u0442\u0435\u043d\u0438\u044f":"1 \u043c\u0438\u043d\u0443\u0442\u0430"},"schema":{"@context":"https:\/\/schema.org","@graph":[{"@type":"WebPage","@id":"https:\/\/prolift.ee\/ru\/meist\/","url":"https:\/\/prolift.ee\/ru\/meist\/","name":"Meist RUS - Pro Lift O\u00dc","isPartOf":{"@id":"https:\/\/prolift.ee\/ru\/#website"},"primaryImageOfPage":{"@id":"https:\/\/prolift.ee\/ru\/meist\/#primaryimage"},"image":{"@id":"https:\/\/prolift.ee\/ru\/meist\/#primaryimage"},"thumbnailUrl":"https:\/\/prolift.ee\/wp-content\/uploads\/2017\/02\/photo-2-of-46-1030x687-550x367.jpg","datePublished":"2017-03-17T12:51:04+00:00","dateModified":"2017-03-17T12:51:25+00:00","breadcrumb":{"@id":"https:\/\/prolift.ee\/ru\/meist\/#breadcrumb"},"inLanguage":"ru-RU","potentialAction":[{"@type":"ReadAction","target":["https:\/\/prolift.ee\/ru\/meist\/"]}]},{"@type":"ImageObject","inLanguage":"ru-RU","@id":"https:\/\/prolift.ee\/ru\/meist\/#primaryimage","url":"https:\/\/prolift.ee\/wp-content\/uploads\/2017\/02\/photo-2-of-46-1030x687-550x367.jpg","contentUrl":"https:\/\/prolift.ee\/wp-content\/uploads\/2017\/02\/photo-2-of-46-1030x687-550x367.jpg"},{"@type":"BreadcrumbList","@id":"https:\/\/prolift.ee\/ru\/meist\/#breadcrumb","itemListElement":[{"@type":"ListItem","position":1,"name":"Home","item":"https:\/\/prolift.ee\/ru\/"},{"@type":"ListItem","position":2,"name":"Meist RUS"}]},{"@type":"WebSite","@id":"https:\/\/prolift.ee\/ru\/#website","url":"https:\/\/prolift.ee\/ru\/","name":"Pro Lift O\u00dc","description":"Pealisehituse valmislahendused","publisher":{"@id":"https:\/\/prolift.ee\/ru\/#organization"},"potentialAction":[{"@type":"SearchAction","target":{"@type":"EntryPoint","urlTemplate":"https:\/\/prolift.ee\/ru\/?s={search_term_string}"},"query-input":{"@type":"PropertyValueSpecification","valueRequired":true,"valueName":"search_term_string"}}],"inLanguage":"ru-RU"},{"@type":"Organization","@id":"https:\/\/prolift.ee\/ru\/#organization","name":"Pro Lift O\u00dc","url":"https:\/\/prolift.ee\/ru\/","logo":{"@type":"ImageObject","inLanguage":"ru-RU","@id":"https:\/\/prolift.ee\/ru\/#\/schema\/logo\/image\/","url":"https:\/\/prolift.ee\/wp-content\/uploads\/2021\/07\/Logo_Full_Color.svg","contentUrl":"https:\/\/prolift.ee\/wp-content\/uploads\/2021\/07\/Logo_Full_Color.svg","width":1,"height":1,"caption":"Pro Lift O\u00dc"},"image":{"@id":"https:\/\/prolift.ee\/ru\/#\/schema\/logo\/image\/"},"sameAs":["https:\/\/www.facebook.com\/proliftou","https:\/\/www.instagram.com\/proliftou\/","https:\/\/www.linkedin.com\/company\/prolift\/"]}]}},"_links":{"self":[{"href":"https:\/\/prolift.ee\/ru\/wp-json\/wp\/v2\/pages\/492","targetHints":{"allow":["GET"]}}],"collection":[{"href":"https:\/\/prolift.ee\/ru\/wp-json\/wp\/v2\/pages"}],"about":[{"href":"https:\/\/prolift.ee\/ru\/wp-json\/wp\/v2\/types\/page"}],"author":[{"embeddable":true,"href":"https:\/\/prolift.ee\/ru\/wp-json\/wp\/v2\/users\/6"}],"replies":[{"embeddable":true,"href":"https:\/\/prolift.ee\/ru\/wp-json\/wp\/v2\/comments?post=492"}],"version-history":[{"count":2,"href":"https:\/\/prolift.ee\/ru\/wp-json\/wp\/v2\/pages\/492\/revisions"}],"predecessor-version":[{"id":494,"href":"https:\/\/prolift.ee\/ru\/wp-json\/wp\/v2\/pages\/492\/revisions\/494"}],"wp:attachment":[{"href":"https:\/\/prolift.ee\/ru\/wp-json\/wp\/v2\/media?parent=492"}],"curies":[{"name":"wp","href":"https:\/\/api.w.org\/{rel}","templated":true}]}}