{"id":446,"date":"2017-03-17T10:41:34","date_gmt":"2017-03-17T10:41:34","guid":{"rendered":"https:\/\/prolift.ee\/?page_id=446\/"},"modified":"2017-03-17T10:58:58","modified_gmt":"2017-03-17T10:58:58","slug":"ajalugu-lat","status":"publish","type":"page","link":"https:\/\/prolift.ee\/lv\/ajalugu-lat\/","title":{"rendered":"Ajalugu LAT"},"content":{"rendered":"<ul>\n<li>1996. aastal asutati Soomes Pro Lift OY<\/li>\n<li>2000. aastal laienes Pro Lift Eestisse, asutati eraldi ettev\u00f5te Pro Lift O\u00dc<\/li>\n<li>Esimestel aastatel oli tegevusalaks \u00fcksnes t\u00f5steseadmete m\u00fc\u00fck<\/li>\n<li>2002. aastast alustasime t\u00e4islahenduste pakkumisega. Kuni 2004. aastani ostsime pealisehituse teenust sisse<\/li>\n<li>2004. aastal asutasime pealisehitust\u00f6\u00f6de teostamiseks ettev\u00f5te Pro Service O\u00dc<\/li>\n<li>2006. aastal laienes Pro Lift L\u00e4tisse, kus loodi Pro Lift SIA<\/li>\n<li>2008. aasta l\u00f5pus valmis uus ja kaasaegne 1250 m\u00b2 b\u00fcroo- ja tootmishoone<\/li>\n<\/ul>\n<p><img fetchpriority=\"high\" decoding=\"async\" class=\"wp-image-350 size-medium aligncenter\" src=\"https:\/\/prolift.ee\/wp-content\/uploads\/2017\/03\/photo-9-of-461-550x367.jpg\" alt=\"\" width=\"550\" height=\"367\" srcset=\"https:\/\/prolift.ee\/wp-content\/uploads\/2017\/03\/photo-9-of-461-550x367.jpg 550w, https:\/\/prolift.ee\/wp-content\/uploads\/2017\/03\/photo-9-of-461-768x512.jpg 768w, https:\/\/prolift.ee\/wp-content\/uploads\/2017\/03\/photo-9-of-461-1024x683.jpg 1024w, https:\/\/prolift.ee\/wp-content\/uploads\/2017\/03\/photo-9-of-461-80x53.jpg 80w, https:\/\/prolift.ee\/wp-content\/uploads\/2017\/03\/photo-9-of-461.jpg 1500w\" sizes=\"(max-width: 550px) 100vw, 550px\" \/><\/p>\n","protected":false},"excerpt":{"rendered":"<p>1996. aastal asutati Soomes Pro Lift OY 2000. aastal laienes Pro Lift Eestisse, asutati eraldi ettev\u00f5te Pro Lift O\u00dc Esimestel aastatel oli tegevusalaks \u00fcksnes t\u00f5steseadmete m\u00fc\u00fck 2002. aastast alustasime t\u00e4islahenduste pakkumisega. Kuni 2004. aastani ostsime pealisehituse teenust sisse 2004. aastal asutasime pealisehitust\u00f6\u00f6de teostamiseks ettev\u00f5te Pro Service O\u00dc 2006. aastal laienes Pro Lift L\u00e4tisse, kus loodi [&hellip;]<\/p>\n","protected":false},"author":6,"featured_media":0,"parent":0,"menu_order":0,"comment_status":"closed","ping_status":"closed","template":"","meta":{"footnotes":""},"class_list":["post-446","page","type-page","status-publish","hentry"],"yoast_head":"<!-- This site is optimized with the Yoast SEO plugin v27.3 - https:\/\/yoast.com\/product\/yoast-seo-wordpress\/ -->\n<title>Ajalugu LAT - Pro Lift O\u00dc<\/title>\n<meta name=\"robots\" content=\"index, follow, max-snippet:-1, max-image-preview:large, max-video-preview:-1\" \/>\n<link rel=\"canonical\" href=\"https:\/\/prolift.ee\/lv\/ajalugu-lat\/\" \/>\n<meta property=\"og:locale\" content=\"lv_LV\" \/>\n<meta property=\"og:type\" content=\"article\" \/>\n<meta property=\"og:title\" content=\"Ajalugu LAT - Pro Lift O\u00dc\" \/>\n<meta property=\"og:description\" content=\"1996. aastal asutati Soomes Pro Lift OY 2000. aastal laienes Pro Lift Eestisse, asutati eraldi ettev\u00f5te Pro Lift O\u00dc Esimestel aastatel oli tegevusalaks \u00fcksnes t\u00f5steseadmete m\u00fc\u00fck 2002. aastast alustasime t\u00e4islahenduste pakkumisega. Kuni 2004. aastani ostsime pealisehituse teenust sisse 2004. aastal asutasime pealisehitust\u00f6\u00f6de teostamiseks ettev\u00f5te Pro Service O\u00dc 2006. aastal laienes Pro Lift L\u00e4tisse, kus loodi [&hellip;]\" \/>\n<meta property=\"og:url\" content=\"https:\/\/prolift.ee\/lv\/ajalugu-lat\/\" \/>\n<meta property=\"og:site_name\" content=\"Pro Lift O\u00dc\" \/>\n<meta property=\"article:publisher\" content=\"https:\/\/www.facebook.com\/proliftou\" \/>\n<meta property=\"article:modified_time\" content=\"2017-03-17T10:58:58+00:00\" \/>\n<meta property=\"og:image\" content=\"https:\/\/prolift.ee\/wp-content\/uploads\/2017\/03\/photo-9-of-461-550x367.jpg\" \/>\n<meta name=\"twitter:card\" content=\"summary_large_image\" \/>\n<script type=\"application\/ld+json\" class=\"yoast-schema-graph\">{\"@context\":\"https:\\\/\\\/schema.org\",\"@graph\":[{\"@type\":\"WebPage\",\"@id\":\"https:\\\/\\\/prolift.ee\\\/lv\\\/ajalugu-lat\\\/\",\"url\":\"https:\\\/\\\/prolift.ee\\\/lv\\\/ajalugu-lat\\\/\",\"name\":\"Ajalugu LAT - Pro Lift O\u00dc\",\"isPartOf\":{\"@id\":\"https:\\\/\\\/prolift.ee\\\/lv\\\/#website\"},\"primaryImageOfPage\":{\"@id\":\"https:\\\/\\\/prolift.ee\\\/lv\\\/ajalugu-lat\\\/#primaryimage\"},\"image\":{\"@id\":\"https:\\\/\\\/prolift.ee\\\/lv\\\/ajalugu-lat\\\/#primaryimage\"},\"thumbnailUrl\":\"https:\\\/\\\/prolift.ee\\\/wp-content\\\/uploads\\\/2017\\\/03\\\/photo-9-of-461-550x367.jpg\",\"datePublished\":\"2017-03-17T10:41:34+00:00\",\"dateModified\":\"2017-03-17T10:58:58+00:00\",\"breadcrumb\":{\"@id\":\"https:\\\/\\\/prolift.ee\\\/lv\\\/ajalugu-lat\\\/#breadcrumb\"},\"inLanguage\":\"lv-LV\",\"potentialAction\":[{\"@type\":\"ReadAction\",\"target\":[\"https:\\\/\\\/prolift.ee\\\/lv\\\/ajalugu-lat\\\/\"]}]},{\"@type\":\"ImageObject\",\"inLanguage\":\"lv-LV\",\"@id\":\"https:\\\/\\\/prolift.ee\\\/lv\\\/ajalugu-lat\\\/#primaryimage\",\"url\":\"https:\\\/\\\/prolift.ee\\\/wp-content\\\/uploads\\\/2017\\\/03\\\/photo-9-of-461-550x367.jpg\",\"contentUrl\":\"https:\\\/\\\/prolift.ee\\\/wp-content\\\/uploads\\\/2017\\\/03\\\/photo-9-of-461-550x367.jpg\"},{\"@type\":\"BreadcrumbList\",\"@id\":\"https:\\\/\\\/prolift.ee\\\/lv\\\/ajalugu-lat\\\/#breadcrumb\",\"itemListElement\":[{\"@type\":\"ListItem\",\"position\":1,\"name\":\"Home\",\"item\":\"https:\\\/\\\/prolift.ee\\\/lv\\\/\"},{\"@type\":\"ListItem\",\"position\":2,\"name\":\"Ajalugu LAT\"}]},{\"@type\":\"WebSite\",\"@id\":\"https:\\\/\\\/prolift.ee\\\/lv\\\/#website\",\"url\":\"https:\\\/\\\/prolift.ee\\\/lv\\\/\",\"name\":\"Pro Lift O\u00dc\",\"description\":\"Pealisehituse valmislahendused\",\"publisher\":{\"@id\":\"https:\\\/\\\/prolift.ee\\\/lv\\\/#organization\"},\"potentialAction\":[{\"@type\":\"SearchAction\",\"target\":{\"@type\":\"EntryPoint\",\"urlTemplate\":\"https:\\\/\\\/prolift.ee\\\/lv\\\/?s={search_term_string}\"},\"query-input\":{\"@type\":\"PropertyValueSpecification\",\"valueRequired\":true,\"valueName\":\"search_term_string\"}}],\"inLanguage\":\"lv-LV\"},{\"@type\":\"Organization\",\"@id\":\"https:\\\/\\\/prolift.ee\\\/lv\\\/#organization\",\"name\":\"Pro Lift O\u00dc\",\"url\":\"https:\\\/\\\/prolift.ee\\\/lv\\\/\",\"logo\":{\"@type\":\"ImageObject\",\"inLanguage\":\"lv-LV\",\"@id\":\"https:\\\/\\\/prolift.ee\\\/lv\\\/#\\\/schema\\\/logo\\\/image\\\/\",\"url\":\"https:\\\/\\\/prolift.ee\\\/wp-content\\\/uploads\\\/2021\\\/07\\\/Logo_Full_Color.svg\",\"contentUrl\":\"https:\\\/\\\/prolift.ee\\\/wp-content\\\/uploads\\\/2021\\\/07\\\/Logo_Full_Color.svg\",\"width\":1,\"height\":1,\"caption\":\"Pro Lift O\u00dc\"},\"image\":{\"@id\":\"https:\\\/\\\/prolift.ee\\\/lv\\\/#\\\/schema\\\/logo\\\/image\\\/\"},\"sameAs\":[\"https:\\\/\\\/www.facebook.com\\\/proliftou\",\"https:\\\/\\\/www.instagram.com\\\/proliftou\\\/\",\"https:\\\/\\\/www.linkedin.com\\\/company\\\/prolift\\\/\"]}]}<\/script>\n<!-- \/ Yoast SEO plugin. -->","yoast_head_json":{"title":"Ajalugu LAT - Pro Lift O\u00dc","robots":{"index":"index","follow":"follow","max-snippet":"max-snippet:-1","max-image-preview":"max-image-preview:large","max-video-preview":"max-video-preview:-1"},"canonical":"https:\/\/prolift.ee\/lv\/ajalugu-lat\/","og_locale":"lv_LV","og_type":"article","og_title":"Ajalugu LAT - Pro Lift O\u00dc","og_description":"1996. aastal asutati Soomes Pro Lift OY 2000. aastal laienes Pro Lift Eestisse, asutati eraldi ettev\u00f5te Pro Lift O\u00dc Esimestel aastatel oli tegevusalaks \u00fcksnes t\u00f5steseadmete m\u00fc\u00fck 2002. aastast alustasime t\u00e4islahenduste pakkumisega. Kuni 2004. aastani ostsime pealisehituse teenust sisse 2004. aastal asutasime pealisehitust\u00f6\u00f6de teostamiseks ettev\u00f5te Pro Service O\u00dc 2006. aastal laienes Pro Lift L\u00e4tisse, kus loodi [&hellip;]","og_url":"https:\/\/prolift.ee\/lv\/ajalugu-lat\/","og_site_name":"Pro Lift O\u00dc","article_publisher":"https:\/\/www.facebook.com\/proliftou","article_modified_time":"2017-03-17T10:58:58+00:00","og_image":[{"url":"https:\/\/prolift.ee\/wp-content\/uploads\/2017\/03\/photo-9-of-461-550x367.jpg","type":"","width":"","height":""}],"twitter_card":"summary_large_image","schema":{"@context":"https:\/\/schema.org","@graph":[{"@type":"WebPage","@id":"https:\/\/prolift.ee\/lv\/ajalugu-lat\/","url":"https:\/\/prolift.ee\/lv\/ajalugu-lat\/","name":"Ajalugu LAT - Pro Lift O\u00dc","isPartOf":{"@id":"https:\/\/prolift.ee\/lv\/#website"},"primaryImageOfPage":{"@id":"https:\/\/prolift.ee\/lv\/ajalugu-lat\/#primaryimage"},"image":{"@id":"https:\/\/prolift.ee\/lv\/ajalugu-lat\/#primaryimage"},"thumbnailUrl":"https:\/\/prolift.ee\/wp-content\/uploads\/2017\/03\/photo-9-of-461-550x367.jpg","datePublished":"2017-03-17T10:41:34+00:00","dateModified":"2017-03-17T10:58:58+00:00","breadcrumb":{"@id":"https:\/\/prolift.ee\/lv\/ajalugu-lat\/#breadcrumb"},"inLanguage":"lv-LV","potentialAction":[{"@type":"ReadAction","target":["https:\/\/prolift.ee\/lv\/ajalugu-lat\/"]}]},{"@type":"ImageObject","inLanguage":"lv-LV","@id":"https:\/\/prolift.ee\/lv\/ajalugu-lat\/#primaryimage","url":"https:\/\/prolift.ee\/wp-content\/uploads\/2017\/03\/photo-9-of-461-550x367.jpg","contentUrl":"https:\/\/prolift.ee\/wp-content\/uploads\/2017\/03\/photo-9-of-461-550x367.jpg"},{"@type":"BreadcrumbList","@id":"https:\/\/prolift.ee\/lv\/ajalugu-lat\/#breadcrumb","itemListElement":[{"@type":"ListItem","position":1,"name":"Home","item":"https:\/\/prolift.ee\/lv\/"},{"@type":"ListItem","position":2,"name":"Ajalugu LAT"}]},{"@type":"WebSite","@id":"https:\/\/prolift.ee\/lv\/#website","url":"https:\/\/prolift.ee\/lv\/","name":"Pro Lift O\u00dc","description":"Pealisehituse valmislahendused","publisher":{"@id":"https:\/\/prolift.ee\/lv\/#organization"},"potentialAction":[{"@type":"SearchAction","target":{"@type":"EntryPoint","urlTemplate":"https:\/\/prolift.ee\/lv\/?s={search_term_string}"},"query-input":{"@type":"PropertyValueSpecification","valueRequired":true,"valueName":"search_term_string"}}],"inLanguage":"lv-LV"},{"@type":"Organization","@id":"https:\/\/prolift.ee\/lv\/#organization","name":"Pro Lift O\u00dc","url":"https:\/\/prolift.ee\/lv\/","logo":{"@type":"ImageObject","inLanguage":"lv-LV","@id":"https:\/\/prolift.ee\/lv\/#\/schema\/logo\/image\/","url":"https:\/\/prolift.ee\/wp-content\/uploads\/2021\/07\/Logo_Full_Color.svg","contentUrl":"https:\/\/prolift.ee\/wp-content\/uploads\/2021\/07\/Logo_Full_Color.svg","width":1,"height":1,"caption":"Pro Lift O\u00dc"},"image":{"@id":"https:\/\/prolift.ee\/lv\/#\/schema\/logo\/image\/"},"sameAs":["https:\/\/www.facebook.com\/proliftou","https:\/\/www.instagram.com\/proliftou\/","https:\/\/www.linkedin.com\/company\/prolift\/"]}]}},"_links":{"self":[{"href":"https:\/\/prolift.ee\/lv\/wp-json\/wp\/v2\/pages\/446","targetHints":{"allow":["GET"]}}],"collection":[{"href":"https:\/\/prolift.ee\/lv\/wp-json\/wp\/v2\/pages"}],"about":[{"href":"https:\/\/prolift.ee\/lv\/wp-json\/wp\/v2\/types\/page"}],"author":[{"embeddable":true,"href":"https:\/\/prolift.ee\/lv\/wp-json\/wp\/v2\/users\/6"}],"replies":[{"embeddable":true,"href":"https:\/\/prolift.ee\/lv\/wp-json\/wp\/v2\/comments?post=446"}],"version-history":[{"count":3,"href":"https:\/\/prolift.ee\/lv\/wp-json\/wp\/v2\/pages\/446\/revisions"}],"predecessor-version":[{"id":486,"href":"https:\/\/prolift.ee\/lv\/wp-json\/wp\/v2\/pages\/446\/revisions\/486"}],"wp:attachment":[{"href":"https:\/\/prolift.ee\/lv\/wp-json\/wp\/v2\/media?parent=446"}],"curies":[{"name":"wp","href":"https:\/\/api.w.org\/{rel}","templated":true}]}}