{"id":442,"date":"2017-03-17T10:41:08","date_gmt":"2017-03-17T10:41:08","guid":{"rendered":"https:\/\/prolift.ee\/?page_id=442\/"},"modified":"2020-07-11T13:18:59","modified_gmt":"2020-07-11T13:18:59","slug":"kontakt-lat","status":"publish","type":"page","link":"https:\/\/prolift.ee\/lv\/kontakt-lat\/","title":{"rendered":"Kontakt LAT"},"content":{"rendered":"\n<h2><strong>Pro Lift SIA<br><\/strong><\/h2>\n<hr class=\"red-border\">\n<p>Katlakalna iela 1,<br>R\u012bga, LV-1073<br>VAT nr: LV40003858061<\/p>\n<p>Tel: +371 6711 2701<br>E-mail: &#x69;&#110;f&#x6f;&#64;p&#x72;&#x6f;&#108;&#x69;&#x66;&#116;&#46;&#x6c;&#118;<br>Aved: i&#110;&#118;&#x6f;&#x69;&#x63;e&#64;&#112;&#114;&#x6f;&#x6c;&#x69;f&#116;&#46;&#108;&#x76;<\/p>\n<h2><b>Pro Lift O\u00dc<\/b><\/h2>\n<hr class=\"red-border\">\n<p>Saha tee 27, Loo alevik,<br>J\u00f5el\u00e4htme vald, Harjumaa 74201<br>VAT nr: EE100647606<\/p>\n<p>Tel: +372 683 7705<br>E-mail: &#105;&#x6e;f&#111;&#x40;p&#114;&#x6f;l&#105;&#x66;t&#46;&#x65;e<br>Arved: i&#110;&#x76;&#x6f;i&#99;&#x65;&#x40;p&#114;&#111;&#x6c;&#x69;f&#116;&#x2e;&#x65;e<\/p>\n\n\n\n<p><\/p>\n","protected":false},"excerpt":{"rendered":"<p>Pro Lift SIA Katlakalna iela 1,R\u012bga, LV-1073VAT nr: LV40003858061 Tel: +371 6711 2701E-mail: &#x69;&#x6e;&#102;o&#64;&#x70;&#x72;&#111;&#108;i&#x66;&#x74;&#46;&#108;vAved: &#x69;&#x6e;&#x76;&#111;&#105;&#99;e&#64;&#x70;&#x72;&#x6f;&#x6c;&#105;&#102;t&#46;&#x6c;&#x76; Pro Lift O\u00dc Saha tee 27, Loo alevik,J\u00f5el\u00e4htme vald, Harjumaa 74201VAT nr: EE100647606 Tel: +372 683 7705E-mail: &#x69;&#x6e;&#x66;&#x6f;&#x40;&#x70;&#x72;&#111;&#108;&#105;&#102;&#116;&#46;eeArved: &#x69;&#x6e;&#x76;&#x6f;&#105;&#99;e&#64;p&#x72;&#x6f;&#x6c;&#x69;&#102;&#116;&#46;ee<\/p>\n","protected":false},"author":6,"featured_media":0,"parent":0,"menu_order":0,"comment_status":"closed","ping_status":"closed","template":"page-2col.php","meta":{"footnotes":""},"class_list":["post-442","page","type-page","status-publish","hentry"],"yoast_head":"<!-- This site is optimized with the Yoast SEO plugin v27.3 - https:\/\/yoast.com\/product\/yoast-seo-wordpress\/ -->\n<title>Kontakt LAT - Pro Lift O\u00dc<\/title>\n<meta name=\"robots\" content=\"index, follow, max-snippet:-1, max-image-preview:large, max-video-preview:-1\" \/>\n<link rel=\"canonical\" href=\"https:\/\/prolift.ee\/lv\/kontakt-lat\/\" \/>\n<meta property=\"og:locale\" content=\"lv_LV\" \/>\n<meta property=\"og:type\" content=\"article\" \/>\n<meta property=\"og:title\" content=\"Kontakt LAT - Pro Lift O\u00dc\" \/>\n<meta property=\"og:description\" content=\"Pro Lift SIA Katlakalna iela 1,R\u012bga, LV-1073VAT nr: LV40003858061 Tel: +371 6711 2701E-mail: &#x69;&#110;&#x66;&#x6f;&#064;&#x70;&#114;o&#x6c;&#105;f&#x74;&#046;l&#x76;Aved: invoic&#101;&#064;&#112;&#114;&#111;&#108;&#105;&#x66;&#x74;&#x2e;&#x6c;&#x76; Pro Lift O\u00dc Saha tee 27, Loo alevik,J\u00f5el\u00e4htme vald, Harjumaa 74201VAT nr: EE100647606 Tel: +372 683 7705E-mail: &#x69;n&#x66;&#111;&#x40;&#112;r&#x6f;&#108;&#x69;&#102;t&#x2e;&#101;&#x65;Arved: &#105;n&#x76;o&#x69;c&#x65;&#064;&#x70;&#114;&#x6f;&#108;&#x69;&#102;&#x74;&#046;e&#101;\" \/>\n<meta property=\"og:url\" content=\"https:\/\/prolift.ee\/lv\/kontakt-lat\/\" \/>\n<meta property=\"og:site_name\" content=\"Pro Lift O\u00dc\" \/>\n<meta property=\"article:publisher\" content=\"https:\/\/www.facebook.com\/proliftou\" \/>\n<meta property=\"article:modified_time\" content=\"2020-07-11T13:18:59+00:00\" \/>\n<meta name=\"twitter:card\" content=\"summary_large_image\" \/>\n<script type=\"application\/ld+json\" class=\"yoast-schema-graph\">{\"@context\":\"https:\\\/\\\/schema.org\",\"@graph\":[{\"@type\":\"WebPage\",\"@id\":\"https:\\\/\\\/prolift.ee\\\/lv\\\/kontakt-lat\\\/\",\"url\":\"https:\\\/\\\/prolift.ee\\\/lv\\\/kontakt-lat\\\/\",\"name\":\"Kontakt LAT - Pro Lift O\u00dc\",\"isPartOf\":{\"@id\":\"https:\\\/\\\/prolift.ee\\\/lv\\\/#website\"},\"datePublished\":\"2017-03-17T10:41:08+00:00\",\"dateModified\":\"2020-07-11T13:18:59+00:00\",\"breadcrumb\":{\"@id\":\"https:\\\/\\\/prolift.ee\\\/lv\\\/kontakt-lat\\\/#breadcrumb\"},\"inLanguage\":\"lv-LV\",\"potentialAction\":[{\"@type\":\"ReadAction\",\"target\":[\"https:\\\/\\\/prolift.ee\\\/lv\\\/kontakt-lat\\\/\"]}]},{\"@type\":\"BreadcrumbList\",\"@id\":\"https:\\\/\\\/prolift.ee\\\/lv\\\/kontakt-lat\\\/#breadcrumb\",\"itemListElement\":[{\"@type\":\"ListItem\",\"position\":1,\"name\":\"Home\",\"item\":\"https:\\\/\\\/prolift.ee\\\/lv\\\/\"},{\"@type\":\"ListItem\",\"position\":2,\"name\":\"Kontakt LAT\"}]},{\"@type\":\"WebSite\",\"@id\":\"https:\\\/\\\/prolift.ee\\\/lv\\\/#website\",\"url\":\"https:\\\/\\\/prolift.ee\\\/lv\\\/\",\"name\":\"Pro Lift O\u00dc\",\"description\":\"Pealisehituse valmislahendused\",\"publisher\":{\"@id\":\"https:\\\/\\\/prolift.ee\\\/lv\\\/#organization\"},\"potentialAction\":[{\"@type\":\"SearchAction\",\"target\":{\"@type\":\"EntryPoint\",\"urlTemplate\":\"https:\\\/\\\/prolift.ee\\\/lv\\\/?s={search_term_string}\"},\"query-input\":{\"@type\":\"PropertyValueSpecification\",\"valueRequired\":true,\"valueName\":\"search_term_string\"}}],\"inLanguage\":\"lv-LV\"},{\"@type\":\"Organization\",\"@id\":\"https:\\\/\\\/prolift.ee\\\/lv\\\/#organization\",\"name\":\"Pro Lift O\u00dc\",\"url\":\"https:\\\/\\\/prolift.ee\\\/lv\\\/\",\"logo\":{\"@type\":\"ImageObject\",\"inLanguage\":\"lv-LV\",\"@id\":\"https:\\\/\\\/prolift.ee\\\/lv\\\/#\\\/schema\\\/logo\\\/image\\\/\",\"url\":\"https:\\\/\\\/prolift.ee\\\/wp-content\\\/uploads\\\/2021\\\/07\\\/Logo_Full_Color.svg\",\"contentUrl\":\"https:\\\/\\\/prolift.ee\\\/wp-content\\\/uploads\\\/2021\\\/07\\\/Logo_Full_Color.svg\",\"width\":1,\"height\":1,\"caption\":\"Pro Lift O\u00dc\"},\"image\":{\"@id\":\"https:\\\/\\\/prolift.ee\\\/lv\\\/#\\\/schema\\\/logo\\\/image\\\/\"},\"sameAs\":[\"https:\\\/\\\/www.facebook.com\\\/proliftou\",\"https:\\\/\\\/www.instagram.com\\\/proliftou\\\/\",\"https:\\\/\\\/www.linkedin.com\\\/company\\\/prolift\\\/\"]}]}<\/script>\n<!-- \/ Yoast SEO plugin. -->","yoast_head_json":{"title":"Kontakt LAT - Pro Lift O\u00dc","robots":{"index":"index","follow":"follow","max-snippet":"max-snippet:-1","max-image-preview":"max-image-preview:large","max-video-preview":"max-video-preview:-1"},"canonical":"https:\/\/prolift.ee\/lv\/kontakt-lat\/","og_locale":"lv_LV","og_type":"article","og_title":"Kontakt LAT - Pro Lift O\u00dc","og_description":"Pro Lift SIA Katlakalna iela 1,R\u012bga, LV-1073VAT nr: LV40003858061 Tel: +371 6711 2701E-mail: &#105;&#x6e;f&#x6f;&#x40;&#112;&#x72;o&#x6c;&#x69;&#102;&#x74;&#46;&#x6c;&#x76;Aved: invo&#105;&#99;&#101;&#64;&#112;&#x72;&#x6f;&#x6c;&#x69;&#x66;&#x74;&#x2e;lv Pro Lift O\u00dc Saha tee 27, Loo alevik,J\u00f5el\u00e4htme vald, Harjumaa 74201VAT nr: EE100647606 Tel: +372 683 7705E-mail: &#105;n&#x66;o&#x40;p&#x72;o&#x6c;i&#x66;t&#x2e;&#101;&#x65;Arved: &#105;&#x6e;v&#111;&#x69;c&#101;&#x40;p&#114;&#x6f;l&#105;&#x66;t&#46;&#x65;e","og_url":"https:\/\/prolift.ee\/lv\/kontakt-lat\/","og_site_name":"Pro Lift O\u00dc","article_publisher":"https:\/\/www.facebook.com\/proliftou","article_modified_time":"2020-07-11T13:18:59+00:00","twitter_card":"summary_large_image","schema":{"@context":"https:\/\/schema.org","@graph":[{"@type":"WebPage","@id":"https:\/\/prolift.ee\/lv\/kontakt-lat\/","url":"https:\/\/prolift.ee\/lv\/kontakt-lat\/","name":"Kontakt LAT - Pro Lift O\u00dc","isPartOf":{"@id":"https:\/\/prolift.ee\/lv\/#website"},"datePublished":"2017-03-17T10:41:08+00:00","dateModified":"2020-07-11T13:18:59+00:00","breadcrumb":{"@id":"https:\/\/prolift.ee\/lv\/kontakt-lat\/#breadcrumb"},"inLanguage":"lv-LV","potentialAction":[{"@type":"ReadAction","target":["https:\/\/prolift.ee\/lv\/kontakt-lat\/"]}]},{"@type":"BreadcrumbList","@id":"https:\/\/prolift.ee\/lv\/kontakt-lat\/#breadcrumb","itemListElement":[{"@type":"ListItem","position":1,"name":"Home","item":"https:\/\/prolift.ee\/lv\/"},{"@type":"ListItem","position":2,"name":"Kontakt LAT"}]},{"@type":"WebSite","@id":"https:\/\/prolift.ee\/lv\/#website","url":"https:\/\/prolift.ee\/lv\/","name":"Pro Lift O\u00dc","description":"Pealisehituse valmislahendused","publisher":{"@id":"https:\/\/prolift.ee\/lv\/#organization"},"potentialAction":[{"@type":"SearchAction","target":{"@type":"EntryPoint","urlTemplate":"https:\/\/prolift.ee\/lv\/?s={search_term_string}"},"query-input":{"@type":"PropertyValueSpecification","valueRequired":true,"valueName":"search_term_string"}}],"inLanguage":"lv-LV"},{"@type":"Organization","@id":"https:\/\/prolift.ee\/lv\/#organization","name":"Pro Lift O\u00dc","url":"https:\/\/prolift.ee\/lv\/","logo":{"@type":"ImageObject","inLanguage":"lv-LV","@id":"https:\/\/prolift.ee\/lv\/#\/schema\/logo\/image\/","url":"https:\/\/prolift.ee\/wp-content\/uploads\/2021\/07\/Logo_Full_Color.svg","contentUrl":"https:\/\/prolift.ee\/wp-content\/uploads\/2021\/07\/Logo_Full_Color.svg","width":1,"height":1,"caption":"Pro Lift O\u00dc"},"image":{"@id":"https:\/\/prolift.ee\/lv\/#\/schema\/logo\/image\/"},"sameAs":["https:\/\/www.facebook.com\/proliftou","https:\/\/www.instagram.com\/proliftou\/","https:\/\/www.linkedin.com\/company\/prolift\/"]}]}},"_links":{"self":[{"href":"https:\/\/prolift.ee\/lv\/wp-json\/wp\/v2\/pages\/442","targetHints":{"allow":["GET"]}}],"collection":[{"href":"https:\/\/prolift.ee\/lv\/wp-json\/wp\/v2\/pages"}],"about":[{"href":"https:\/\/prolift.ee\/lv\/wp-json\/wp\/v2\/types\/page"}],"author":[{"embeddable":true,"href":"https:\/\/prolift.ee\/lv\/wp-json\/wp\/v2\/users\/6"}],"replies":[{"embeddable":true,"href":"https:\/\/prolift.ee\/lv\/wp-json\/wp\/v2\/comments?post=442"}],"version-history":[{"count":7,"href":"https:\/\/prolift.ee\/lv\/wp-json\/wp\/v2\/pages\/442\/revisions"}],"predecessor-version":[{"id":7690,"href":"https:\/\/prolift.ee\/lv\/wp-json\/wp\/v2\/pages\/442\/revisions\/7690"}],"wp:attachment":[{"href":"https:\/\/prolift.ee\/lv\/wp-json\/wp\/v2\/media?parent=442"}],"curies":[{"name":"wp","href":"https:\/\/api.w.org\/{rel}","templated":true}]}}