{"id":25978,"date":"2024-01-02T20:03:14","date_gmt":"2024-01-02T18:03:14","guid":{"rendered":"https:\/\/prolift.ee\/paveiktie-darbi-2\/"},"modified":"2024-06-26T09:58:18","modified_gmt":"2024-06-26T06:58:18","slug":"paveiktie-darbi","status":"publish","type":"page","link":"https:\/\/prolift.ee\/lv\/paveiktie-darbi\/","title":{"rendered":"Veikts Darbi"},"content":{"rendered":"\t\t<div data-elementor-type=\"wp-page\" data-elementor-id=\"25978\" class=\"elementor elementor-25978\" data-elementor-post-type=\"page\">\n\t\t\t\t\t\t<section class=\"elementor-section elementor-top-section elementor-element elementor-element-2771484 elementor-section-boxed elementor-section-height-default elementor-section-height-default\" data-id=\"2771484\" data-element_type=\"section\" data-e-type=\"section\" data-settings=\"{&quot;background_background&quot;:&quot;classic&quot;}\">\n\t\t\t\t\t\t\t<div class=\"elementor-background-overlay\"><\/div>\n\t\t\t\t\t\t\t<div class=\"elementor-container elementor-column-gap-default\">\n\t\t\t\t\t<div class=\"elementor-column elementor-col-100 elementor-top-column elementor-element elementor-element-8d719ca\" data-id=\"8d719ca\" data-element_type=\"column\" data-e-type=\"column\">\n\t\t\t<div class=\"elementor-widget-wrap elementor-element-populated\">\n\t\t\t\t\t\t<div class=\"elementor-element elementor-element-0317eb5 elementor-widget elementor-widget-heading\" data-id=\"0317eb5\" data-element_type=\"widget\" data-e-type=\"widget\" data-widget_type=\"heading.default\">\n\t\t\t\t<div class=\"elementor-widget-container\">\n\t\t\t\t\t<h1 class=\"elementor-heading-title elementor-size-default\">Neliels p\u0101rskats par m\u016bsu jaun\u0101kajiem darbiem<\/h1>\t\t\t\t<\/div>\n\t\t\t\t<\/div>\n\t\t\t\t<div class=\"elementor-element elementor-element-129c353 elementor-widget elementor-widget-text-editor\" data-id=\"129c353\" data-element_type=\"widget\" data-e-type=\"widget\" data-widget_type=\"text-editor.default\">\n\t\t\t\t<div class=\"elementor-widget-container\">\n\t\t\t\t\t\t\t\t\t<section class=\"elementor-section elementor-top-section elementor-element elementor-element-181ffaf elementor-section-boxed elementor-section-height-default elementor-section-height-default\" data-id=\"181ffaf\" data-element_type=\"section\" data-settings=\"{&quot;background_background&quot;:&quot;classic&quot;}\">\n<div class=\"elementor-container elementor-column-gap-default\">\n<div class=\"elementor-row\">\n<div class=\"elementor-column elementor-col-100 elementor-top-column elementor-element elementor-element-9e23304\" data-id=\"9e23304\" data-element_type=\"column\">\n<div class=\"elementor-column-wrap elementor-element-populated\">\n<div class=\"elementor-widget-wrap\">\n<div class=\"elementor-element elementor-element-576e400 elementor-widget elementor-widget-text-editor\" data-id=\"576e400\" data-element_type=\"widget\" data-widget_type=\"text-editor.default\">\n<div class=\"elementor-widget-container\">\n<div class=\"elementor-text-editor elementor-clearfix\">\n<p>Uz kravas automobi\u013ca, sa\u0146emta no r\u016bpn\u012bcas, \u0161asijas uzst\u0101d\u0101m klienta izv\u0113l\u0113to virsb\u016bvi, nodro\u0161inot kompleksu risin\u0101jumu.<\/p>\n<\/div>\n<\/div>\n<\/div>\n<\/div>\n<\/div>\n<\/div>\n<\/div>\n<\/div>\n<\/section>\n\t\t\t\t\t\t\t\t<\/div>\n\t\t\t\t<\/div>\n\t\t\t\t\t<\/div>\n\t\t<\/div>\n\t\t\t\t\t<\/div>\n\t\t<\/section>\n\t\t\t\t<section class=\"elementor-section elementor-top-section elementor-element elementor-element-800d893 elementor-section-boxed elementor-section-height-default elementor-section-height-default\" data-id=\"800d893\" data-element_type=\"section\" data-e-type=\"section\" data-settings=\"{&quot;background_background&quot;:&quot;classic&quot;}\">\n\t\t\t\t\t\t\t<div class=\"elementor-background-overlay\"><\/div>\n\t\t\t\t\t\t\t<div class=\"elementor-container elementor-column-gap-default\">\n\t\t\t\t\t<div class=\"elementor-column elementor-col-100 elementor-top-column elementor-element elementor-element-bf87992\" data-id=\"bf87992\" data-element_type=\"column\" data-e-type=\"column\">\n\t\t\t<div class=\"elementor-widget-wrap elementor-element-populated\">\n\t\t\t\t\t\t<div class=\"elementor-element elementor-element-c766dc5 elementor-widget elementor-widget-heading\" data-id=\"c766dc5\" data-element_type=\"widget\" data-e-type=\"widget\" data-widget_type=\"heading.default\">\n\t\t\t\t<div class=\"elementor-widget-container\">\n\t\t\t\t\t<h2 class=\"elementor-heading-title elementor-size-default\">Nesenais darbs<\/h2>\t\t\t\t<\/div>\n\t\t\t\t<\/div>\n\t\t\t\t<div class=\"elementor-element elementor-element-ec663f5 elementor-widget elementor-widget-ucaddon_post_grid\" data-id=\"ec663f5\" data-element_type=\"widget\" data-e-type=\"widget\" data-widget_type=\"ucaddon_post_grid.default\">\n\t\t\t\t<div class=\"elementor-widget-container\">\n\t\t\t\t\t\n<!-- start Post Grid -->\n\t\t<link id='font-awesome-css' href='https:\/\/prolift.ee\/wp-content\/plugins\/unlimited-elements-for-elementor-premium\/assets_libraries\/font-awesome6\/fontawesome-all.min.css' type='text\/css' rel='stylesheet' >\n\t\t<link id='font-awesome-4-shim-css' href='https:\/\/prolift.ee\/wp-content\/plugins\/unlimited-elements-for-elementor-premium\/assets_libraries\/font-awesome6\/fontawesome-v4-shims.min.css' type='text\/css' rel='stylesheet' >\n\n<style>\/* widget: Post Grid *\/\n\n\n\n#uc_post_grid_elementor_ec663f5.uc_post_grid_style_one .uc_post_grid_style_one_wrap {\n   display:grid;\n}\n\n\n#uc_post_grid_elementor_ec663f5 .uc_post_grid_style_one_item\n{\n  position:relative;\n}\n\n#uc_post_grid_elementor_ec663f5 .uc_post_image\n{\n  transition:0.3s;\n  position:relative;\n  overflow:hidden;\n}\n\n#uc_post_grid_elementor_ec663f5 .uc_post_image img\n{\n  width:100%;\n  display:block;\n  transition:0.3s;\n}\n\n\n\t\n\n\n\n\n\n\n#uc_post_grid_elementor_ec663f5 .uc_post_image_overlay\n{\n  position:absolute;\n  top:0px;\n  left:0px;\n  height:100%;\n  width:100%;\n  transition:0.3s;\n}\n\n#uc_post_grid_elementor_ec663f5 .uc_more_btn-custom-field\n{\n  display:inline-block;\n  text-align:center;\n  text-decoration:none;\n  transition:0.3s;\n}\n\n#uc_post_grid_elementor_ec663f5 .uc_more_btn\n{\n  display:inline-block;\n  text-align:center;\n  text-decoration:none;\n  transition:0.3s;\n}\n\n.ue-grid-item-category a\n{\n  display:inline-block;\n  font-size:10px;\n  \n}\n\n.uc_post_title\n{\n  font-size:21px;\n}\n\n\n#uc_post_grid_elementor_ec663f5 .ue_post_grid_item\n{\n  display:flex;\n  flex-direction:column;\n}\n\n#uc_post_grid_elementor_ec663f5.uc_post_grid_style_one .uc_content{\n flex-grow:1;\n}\n\n#uc_post_grid_elementor_ec663f5.uc_post_grid_style_one .uc_content > div\n{\n  height:100%;\n  display:flex;\n  flex-direction:column;\n  justify-content: space-between;}\n\n    #uc_post_grid_elementor_ec663f5 .uc_post_button\n   {\n     margin-top:auto;\n   }\n  \n\n\n\n\n\n\n\n\n\n\n\n\n\n\n\n\n\n\n\n\n\n\n#uc_post_grid_elementor_ec663f5 .ue-meta-data\n{\n  \n  display:flex;\n\n  flex-wrap: wrap;\n  line-height:1em;\n}\n\n#uc_post_grid_elementor_ec663f5 .ue-grid-item-meta-data\n{\n      display:inline-flex;\n      align-items:center;\n}\n\n#uc_post_grid_elementor_ec663f5 .ue-grid-item-meta-data a{\n  color:inherit;\n}\n\n.ue-grid-item-meta-data\n{\n  font-size:12px;\n}\n\n#uc_post_grid_elementor_ec663f5 .ue-grid-item-meta-data-icon\n{\n  line-height:1em;\n}\n\n#uc_post_grid_elementor_ec663f5 .ue-grid-item-meta-data-icon svg\n{\n  width:1em;\n  height:1em;\n}\n\n#uc_post_grid_elementor_ec663f5 .ue-debug-meta\n{\n  padding:10px;\n  border:1px solid red;\n  position:relative;\n  line-height:1.5em;\n  font-size:11px;\n  width:100%;\n}\n\n#uc_post_grid_elementor_ec663f5 .uc_btn_inner\n{\n  display:inline-flex;\n  align-items:center;\n}\n\n#uc_post_grid_elementor_ec663f5 .uc_btn_inner svg\n{\n  width:1em;\n  height:1em;\n}\n\n\n\n<\/style>\n\n<div class=\"uc_post_grid_style_one uc-filterable-grid \" id=\"uc_post_grid_elementor_ec663f5\"  data-ajax='true'  data-filterbehave='ajax'  querydata='{&quot;count_posts&quot;:0,&quot;total_posts&quot;:0,&quot;page&quot;:1,&quot;num_pages&quot;:1}' >\n\t\t<div class=\"uc_post_grid_style_one_wrap ue_post_grid uc-items-wrapper\">\n\t\t\t\n\t\t<\/div>\n\t<\/div>\n\n\n\n  <div id=\"uc_post_grid_elementor_ec663f5_empty_message\" class=\"ue-no-posts-found\" >Netika atrasta neviena zi\u0146a<\/div>\n\n\n<!-- end Post Grid -->\t\t\t\t<\/div>\n\t\t\t\t<\/div>\n\t\t\t\t\t<\/div>\n\t\t<\/div>\n\t\t\t\t\t<\/div>\n\t\t<\/section>\n\t\t\t\t<section class=\"elementor-section elementor-top-section elementor-element elementor-element-689f94f elementor-section-boxed elementor-section-height-default elementor-section-height-default\" data-id=\"689f94f\" data-element_type=\"section\" data-e-type=\"section\" data-settings=\"{&quot;background_background&quot;:&quot;classic&quot;}\">\n\t\t\t\t\t\t<div class=\"elementor-container elementor-column-gap-default\">\n\t\t\t\t\t<div class=\"elementor-column elementor-col-50 elementor-top-column elementor-element elementor-element-6ff2f98\" data-id=\"6ff2f98\" data-element_type=\"column\" data-e-type=\"column\">\n\t\t\t<div class=\"elementor-widget-wrap elementor-element-populated\">\n\t\t\t\t\t\t<div class=\"elementor-element elementor-element-6330c2c elementor-widget elementor-widget-image\" data-id=\"6330c2c\" data-element_type=\"widget\" data-e-type=\"widget\" data-widget_type=\"image.default\">\n\t\t\t\t<div class=\"elementor-widget-container\">\n\t\t\t\t\t\t\t\t\t\t\t\t\t\t\t<img decoding=\"async\" width=\"150\" height=\"150\" src=\"https:\/\/prolift.ee\/wp-content\/uploads\/2021\/07\/image_2021-07-30_015745-150x150.png\" class=\"attachment-thumbnail size-thumbnail wp-image-19999\" alt=\"\" srcset=\"https:\/\/prolift.ee\/wp-content\/uploads\/2021\/07\/image_2021-07-30_015745-150x150.png 150w, https:\/\/prolift.ee\/wp-content\/uploads\/2021\/07\/image_2021-07-30_015745.png 240w\" sizes=\"(max-width: 150px) 100vw, 150px\" \/>\t\t\t\t\t\t\t\t\t\t\t\t\t\t\t<\/div>\n\t\t\t\t<\/div>\n\t\t\t\t\t<\/div>\n\t\t<\/div>\n\t\t\t\t<div class=\"elementor-column elementor-col-50 elementor-top-column elementor-element elementor-element-c19f3f9\" data-id=\"c19f3f9\" data-element_type=\"column\" data-e-type=\"column\">\n\t\t\t<div class=\"elementor-widget-wrap elementor-element-populated\">\n\t\t\t\t\t\t<div class=\"elementor-element elementor-element-ac1aa81 elementor-widget elementor-widget-heading\" data-id=\"ac1aa81\" data-element_type=\"widget\" data-e-type=\"widget\" data-widget_type=\"heading.default\">\n\t\t\t\t<div class=\"elementor-widget-container\">\n\t\t\t\t\t<h3 class=\"elementor-heading-title elementor-size-default\">Latvija: P-Pk 8.00 - 17.00: +371 67112701 \/ &#105;n&#x66;o&#x40;p&#x72;&#111;&#x6c;&#105;&#x66;&#116;&#46;&#x6c;v <\/h3>\t\t\t\t<\/div>\n\t\t\t\t<\/div>\n\t\t\t\t<div class=\"elementor-element elementor-element-d98f296 elementor-widget elementor-widget-heading\" data-id=\"d98f296\" data-element_type=\"widget\" data-e-type=\"widget\" data-widget_type=\"heading.default\">\n\t\t\t\t<div class=\"elementor-widget-container\">\n\t\t\t\t\t<h3 class=\"elementor-heading-title elementor-size-default\">Igaunij\u0101: P-Pk 8.00 - 17.00: +372 683 7705 \/ &#105;&#x6e;&#x66;o&#64;&#x70;r&#111;&#x6c;&#x69;&#102;&#x74;&#x2e;e&#101; <\/h3>\t\t\t\t<\/div>\n\t\t\t\t<\/div>\n\t\t\t\t<div class=\"elementor-element elementor-element-08b270f elementor-widget elementor-widget-text-editor\" data-id=\"08b270f\" data-element_type=\"widget\" data-e-type=\"widget\" data-widget_type=\"text-editor.default\">\n\t\t\t\t<div class=\"elementor-widget-container\">\n\t\t\t\t\t\t\t\t\t<p><main id=\"content\" class=\"site-main post-22301 page type-page status-publish hentry\"><\/p>\n<div class=\"page-content\">\n<div class=\"elementor elementor-22301 elementor-20173 elementor-20173\" data-elementor-type=\"wp-page\" data-elementor-id=\"22301\" data-elementor-post-type=\"page\">\n<div class=\"elementor-inner\">\n<div class=\"elementor-section-wrap\">\n<section class=\"elementor-section elementor-top-section elementor-element elementor-element-5c6fa3b5 elementor-section-boxed elementor-section-height-default elementor-section-height-default\" data-id=\"5c6fa3b5\" data-element_type=\"section\" data-settings=\"{&quot;background_background&quot;:&quot;classic&quot;}\">\n<div class=\"elementor-container elementor-column-gap-default\">\n<div class=\"elementor-row\">\n<div class=\"elementor-column elementor-col-50 elementor-top-column elementor-element elementor-element-2eea33fd\" data-id=\"2eea33fd\" data-element_type=\"column\">\n<div class=\"elementor-column-wrap elementor-element-populated\">\n<div class=\"elementor-widget-wrap\">\n<div class=\"elementor-element elementor-element-17b67e75 elementor-widget elementor-widget-text-editor\" data-id=\"17b67e75\" data-element_type=\"widget\" data-widget_type=\"text-editor.default\">\n<div class=\"elementor-widget-container\">\n<div class=\"elementor-text-editor elementor-clearfix\">\n<p>Mekl\u0113jat atbildi uz k\u0101du jaut\u0101jumu vai v\u0113laties konsult\u0101ciju? Sazinieties ar mums!<\/p>\n<\/div>\n<\/div>\n<\/div>\n<\/div>\n<\/div>\n<\/div>\n<\/div>\n<\/div>\n<\/section>\n<\/div>\n<\/div>\n<\/div>\n<div class=\"post-tags\"><\/div>\n<\/div>\n<p><\/main><\/p>\n<div class=\"elementor elementor-22273 elementor-19798 elementor-19798 elementor-location-footer\" data-elementor-type=\"footer\" data-elementor-id=\"22273\" data-elementor-post-type=\"elementor_library\">\n<div class=\"elementor-section-wrap\">\n<section class=\"elementor-section elementor-inner-section elementor-element elementor-element-5aae974e elementor-section-content-top elementor-section-boxed elementor-section-height-default elementor-section-height-default\" data-id=\"5aae974e\" data-element_type=\"section\" data-settings=\"{&quot;background_background&quot;:&quot;classic&quot;}\">\n<div class=\"elementor-container elementor-column-gap-default\">\n<div class=\"elementor-row\">\n<div class=\"elementor-column elementor-col-33 elementor-inner-column elementor-element elementor-element-150764f3\" data-id=\"150764f3\" data-element_type=\"column\">\n<div class=\"elementor-column-wrap elementor-element-populated\">\n<div class=\"elementor-widget-wrap\">\n<div class=\"elementor-element elementor-element-5a1bf5ca elementor-widget elementor-widget-heading\" data-id=\"5a1bf5ca\" data-element_type=\"widget\" data-widget_type=\"heading.default\">\n<div class=\"elementor-widget-container\"><\/div>\n<\/div>\n<\/div>\n<\/div>\n<\/div>\n<\/div>\n<\/div>\n<\/section>\n<\/div>\n<\/div>\n\t\t\t\t\t\t\t\t<\/div>\n\t\t\t\t<\/div>\n\t\t\t\t\t<\/div>\n\t\t<\/div>\n\t\t\t\t\t<\/div>\n\t\t<\/section>\n\t\t\t\t<\/div>\n\t\t","protected":false},"excerpt":{"rendered":"<p>Neliels p\u0101rskats par m\u016bsu jaun\u0101kajiem darbiem Uz kravas automobi\u013ca, sa\u0146emta no r\u016bpn\u012bcas, \u0161asijas uzst\u0101d\u0101m klienta izv\u0113l\u0113to virsb\u016bvi, nodro\u0161inot kompleksu risin\u0101jumu. Nesenais darbs Enefit Power AS uus t\u00f5stetehnikaga v\u00e4ikeveok Praktiline Fassi t\u00f5stukiga Renault Master v\u00e4ikeveok, millega lihtne man\u00f6\u00f6verdada ka kitsastes oludes&#8230;. Es las\u012b\u0161u t\u0101l\u0101k Eesti Keskkonnateenused O\u00dc&#8217;le mitmek\u00fclgne veok Paigaldasime veokile teehoolde h\u00fcdraulika, AJK konkslifti koos [&hellip;]<\/p>\n","protected":false},"author":5,"featured_media":0,"parent":0,"menu_order":0,"comment_status":"closed","ping_status":"closed","template":"","meta":{"footnotes":""},"class_list":["post-25978","page","type-page","status-publish","hentry"],"yoast_head":"<!-- This site is optimized with the Yoast SEO plugin v27.3 - https:\/\/yoast.com\/product\/yoast-seo-wordpress\/ -->\n<title>Veikts Darbi - Pro Lift O\u00dc<\/title>\n<meta name=\"description\" content=\"Lasiet vair\u0101k par m\u016bsu aktivit\u0101t\u0113m - m\u016bsu jaun\u0101kajiem darbiem, dal\u012bbu pas\u0101kumos un daudz ko citu.\" \/>\n<meta name=\"robots\" content=\"index, follow, max-snippet:-1, max-image-preview:large, max-video-preview:-1\" \/>\n<link rel=\"canonical\" href=\"https:\/\/prolift.ee\/lv\/paveiktie-darbi\/\" \/>\n<meta property=\"og:locale\" content=\"lv_LV\" \/>\n<meta property=\"og:type\" content=\"article\" \/>\n<meta property=\"og:title\" content=\"Paveiktie Darbi\" \/>\n<meta property=\"og:description\" content=\"Lasiet vair\u0101k par m\u016bsu aktivit\u0101t\u0113m - m\u016bsu jaun\u0101kajiem darbiem, dal\u012bbu pas\u0101kumos un daudz ko citu.\" \/>\n<meta property=\"og:url\" content=\"https:\/\/prolift.ee\/lv\/paveiktie-darbi\/\" \/>\n<meta property=\"og:site_name\" content=\"Pro Lift O\u00dc\" \/>\n<meta property=\"article:publisher\" content=\"https:\/\/www.facebook.com\/proliftou\" \/>\n<meta property=\"article:modified_time\" content=\"2024-06-26T06:58:18+00:00\" \/>\n<meta property=\"og:image\" content=\"https:\/\/prolift.ee\/wp-content\/uploads\/2023\/11\/HEMA-2024-Pro-lift-3-550x550.png\" \/>\n<meta name=\"twitter:card\" content=\"summary_large_image\" \/>\n<meta name=\"twitter:title\" content=\"Paveiktie Darbi\" \/>\n<meta name=\"twitter:description\" content=\"Lasiet vair\u0101k par m\u016bsu aktivit\u0101t\u0113m - m\u016bsu jaun\u0101kajiem darbiem, dal\u012bbu pas\u0101kumos un daudz ko citu.\" \/>\n<meta name=\"twitter:label1\" content=\"Est. reading time\" \/>\n\t<meta name=\"twitter:data1\" content=\"5 min\u016btes\" \/>\n<script type=\"application\/ld+json\" class=\"yoast-schema-graph\">{\"@context\":\"https:\\\/\\\/schema.org\",\"@graph\":[{\"@type\":\"WebPage\",\"@id\":\"https:\\\/\\\/prolift.ee\\\/lv\\\/paveiktie-darbi\\\/\",\"url\":\"https:\\\/\\\/prolift.ee\\\/lv\\\/paveiktie-darbi\\\/\",\"name\":\"Veikts Darbi - Pro Lift O\u00dc\",\"isPartOf\":{\"@id\":\"https:\\\/\\\/prolift.ee\\\/lv\\\/#website\"},\"primaryImageOfPage\":{\"@id\":\"https:\\\/\\\/prolift.ee\\\/lv\\\/paveiktie-darbi\\\/#primaryimage\"},\"image\":{\"@id\":\"https:\\\/\\\/prolift.ee\\\/lv\\\/paveiktie-darbi\\\/#primaryimage\"},\"thumbnailUrl\":\"https:\\\/\\\/prolift.ee\\\/wp-content\\\/uploads\\\/2024\\\/05\\\/eesti-energia-4-768x768.png\",\"datePublished\":\"2024-01-02T18:03:14+00:00\",\"dateModified\":\"2024-06-26T06:58:18+00:00\",\"description\":\"Lasiet vair\u0101k par m\u016bsu aktivit\u0101t\u0113m - m\u016bsu jaun\u0101kajiem darbiem, dal\u012bbu pas\u0101kumos un daudz ko citu.\",\"breadcrumb\":{\"@id\":\"https:\\\/\\\/prolift.ee\\\/lv\\\/paveiktie-darbi\\\/#breadcrumb\"},\"inLanguage\":\"lv-LV\",\"potentialAction\":[{\"@type\":\"ReadAction\",\"target\":[\"https:\\\/\\\/prolift.ee\\\/lv\\\/paveiktie-darbi\\\/\"]}]},{\"@type\":\"ImageObject\",\"inLanguage\":\"lv-LV\",\"@id\":\"https:\\\/\\\/prolift.ee\\\/lv\\\/paveiktie-darbi\\\/#primaryimage\",\"url\":\"https:\\\/\\\/prolift.ee\\\/wp-content\\\/uploads\\\/2024\\\/05\\\/eesti-energia-4-768x768.png\",\"contentUrl\":\"https:\\\/\\\/prolift.ee\\\/wp-content\\\/uploads\\\/2024\\\/05\\\/eesti-energia-4-768x768.png\"},{\"@type\":\"BreadcrumbList\",\"@id\":\"https:\\\/\\\/prolift.ee\\\/lv\\\/paveiktie-darbi\\\/#breadcrumb\",\"itemListElement\":[{\"@type\":\"ListItem\",\"position\":1,\"name\":\"Home\",\"item\":\"https:\\\/\\\/prolift.ee\\\/lv\\\/\"},{\"@type\":\"ListItem\",\"position\":2,\"name\":\"Veikts Darbi\"}]},{\"@type\":\"WebSite\",\"@id\":\"https:\\\/\\\/prolift.ee\\\/lv\\\/#website\",\"url\":\"https:\\\/\\\/prolift.ee\\\/lv\\\/\",\"name\":\"Pro Lift O\u00dc\",\"description\":\"Pealisehituse valmislahendused\",\"publisher\":{\"@id\":\"https:\\\/\\\/prolift.ee\\\/lv\\\/#organization\"},\"potentialAction\":[{\"@type\":\"SearchAction\",\"target\":{\"@type\":\"EntryPoint\",\"urlTemplate\":\"https:\\\/\\\/prolift.ee\\\/lv\\\/?s={search_term_string}\"},\"query-input\":{\"@type\":\"PropertyValueSpecification\",\"valueRequired\":true,\"valueName\":\"search_term_string\"}}],\"inLanguage\":\"lv-LV\"},{\"@type\":\"Organization\",\"@id\":\"https:\\\/\\\/prolift.ee\\\/lv\\\/#organization\",\"name\":\"Pro Lift O\u00dc\",\"url\":\"https:\\\/\\\/prolift.ee\\\/lv\\\/\",\"logo\":{\"@type\":\"ImageObject\",\"inLanguage\":\"lv-LV\",\"@id\":\"https:\\\/\\\/prolift.ee\\\/lv\\\/#\\\/schema\\\/logo\\\/image\\\/\",\"url\":\"https:\\\/\\\/prolift.ee\\\/wp-content\\\/uploads\\\/2021\\\/07\\\/Logo_Full_Color.svg\",\"contentUrl\":\"https:\\\/\\\/prolift.ee\\\/wp-content\\\/uploads\\\/2021\\\/07\\\/Logo_Full_Color.svg\",\"width\":1,\"height\":1,\"caption\":\"Pro Lift O\u00dc\"},\"image\":{\"@id\":\"https:\\\/\\\/prolift.ee\\\/lv\\\/#\\\/schema\\\/logo\\\/image\\\/\"},\"sameAs\":[\"https:\\\/\\\/www.facebook.com\\\/proliftou\",\"https:\\\/\\\/www.instagram.com\\\/proliftou\\\/\",\"https:\\\/\\\/www.linkedin.com\\\/company\\\/prolift\\\/\"]}]}<\/script>\n<!-- \/ Yoast SEO plugin. -->","yoast_head_json":{"title":"Veikts Darbi - Pro Lift O\u00dc","description":"Lasiet vair\u0101k par m\u016bsu aktivit\u0101t\u0113m - m\u016bsu jaun\u0101kajiem darbiem, dal\u012bbu pas\u0101kumos un daudz ko citu.","robots":{"index":"index","follow":"follow","max-snippet":"max-snippet:-1","max-image-preview":"max-image-preview:large","max-video-preview":"max-video-preview:-1"},"canonical":"https:\/\/prolift.ee\/lv\/paveiktie-darbi\/","og_locale":"lv_LV","og_type":"article","og_title":"Paveiktie Darbi","og_description":"Lasiet vair\u0101k par m\u016bsu aktivit\u0101t\u0113m - m\u016bsu jaun\u0101kajiem darbiem, dal\u012bbu pas\u0101kumos un daudz ko citu.","og_url":"https:\/\/prolift.ee\/lv\/paveiktie-darbi\/","og_site_name":"Pro Lift O\u00dc","article_publisher":"https:\/\/www.facebook.com\/proliftou","article_modified_time":"2024-06-26T06:58:18+00:00","og_image":[{"url":"https:\/\/prolift.ee\/wp-content\/uploads\/2023\/11\/HEMA-2024-Pro-lift-3-550x550.png","type":"","width":"","height":""}],"twitter_card":"summary_large_image","twitter_title":"Paveiktie Darbi","twitter_description":"Lasiet vair\u0101k par m\u016bsu aktivit\u0101t\u0113m - m\u016bsu jaun\u0101kajiem darbiem, dal\u012bbu pas\u0101kumos un daudz ko citu.","twitter_misc":{"Est. reading time":"5 min\u016btes"},"schema":{"@context":"https:\/\/schema.org","@graph":[{"@type":"WebPage","@id":"https:\/\/prolift.ee\/lv\/paveiktie-darbi\/","url":"https:\/\/prolift.ee\/lv\/paveiktie-darbi\/","name":"Veikts Darbi - Pro Lift O\u00dc","isPartOf":{"@id":"https:\/\/prolift.ee\/lv\/#website"},"primaryImageOfPage":{"@id":"https:\/\/prolift.ee\/lv\/paveiktie-darbi\/#primaryimage"},"image":{"@id":"https:\/\/prolift.ee\/lv\/paveiktie-darbi\/#primaryimage"},"thumbnailUrl":"https:\/\/prolift.ee\/wp-content\/uploads\/2024\/05\/eesti-energia-4-768x768.png","datePublished":"2024-01-02T18:03:14+00:00","dateModified":"2024-06-26T06:58:18+00:00","description":"Lasiet vair\u0101k par m\u016bsu aktivit\u0101t\u0113m - m\u016bsu jaun\u0101kajiem darbiem, dal\u012bbu pas\u0101kumos un daudz ko citu.","breadcrumb":{"@id":"https:\/\/prolift.ee\/lv\/paveiktie-darbi\/#breadcrumb"},"inLanguage":"lv-LV","potentialAction":[{"@type":"ReadAction","target":["https:\/\/prolift.ee\/lv\/paveiktie-darbi\/"]}]},{"@type":"ImageObject","inLanguage":"lv-LV","@id":"https:\/\/prolift.ee\/lv\/paveiktie-darbi\/#primaryimage","url":"https:\/\/prolift.ee\/wp-content\/uploads\/2024\/05\/eesti-energia-4-768x768.png","contentUrl":"https:\/\/prolift.ee\/wp-content\/uploads\/2024\/05\/eesti-energia-4-768x768.png"},{"@type":"BreadcrumbList","@id":"https:\/\/prolift.ee\/lv\/paveiktie-darbi\/#breadcrumb","itemListElement":[{"@type":"ListItem","position":1,"name":"Home","item":"https:\/\/prolift.ee\/lv\/"},{"@type":"ListItem","position":2,"name":"Veikts Darbi"}]},{"@type":"WebSite","@id":"https:\/\/prolift.ee\/lv\/#website","url":"https:\/\/prolift.ee\/lv\/","name":"Pro Lift O\u00dc","description":"Pealisehituse valmislahendused","publisher":{"@id":"https:\/\/prolift.ee\/lv\/#organization"},"potentialAction":[{"@type":"SearchAction","target":{"@type":"EntryPoint","urlTemplate":"https:\/\/prolift.ee\/lv\/?s={search_term_string}"},"query-input":{"@type":"PropertyValueSpecification","valueRequired":true,"valueName":"search_term_string"}}],"inLanguage":"lv-LV"},{"@type":"Organization","@id":"https:\/\/prolift.ee\/lv\/#organization","name":"Pro Lift O\u00dc","url":"https:\/\/prolift.ee\/lv\/","logo":{"@type":"ImageObject","inLanguage":"lv-LV","@id":"https:\/\/prolift.ee\/lv\/#\/schema\/logo\/image\/","url":"https:\/\/prolift.ee\/wp-content\/uploads\/2021\/07\/Logo_Full_Color.svg","contentUrl":"https:\/\/prolift.ee\/wp-content\/uploads\/2021\/07\/Logo_Full_Color.svg","width":1,"height":1,"caption":"Pro Lift O\u00dc"},"image":{"@id":"https:\/\/prolift.ee\/lv\/#\/schema\/logo\/image\/"},"sameAs":["https:\/\/www.facebook.com\/proliftou","https:\/\/www.instagram.com\/proliftou\/","https:\/\/www.linkedin.com\/company\/prolift\/"]}]}},"_links":{"self":[{"href":"https:\/\/prolift.ee\/lv\/wp-json\/wp\/v2\/pages\/25978","targetHints":{"allow":["GET"]}}],"collection":[{"href":"https:\/\/prolift.ee\/lv\/wp-json\/wp\/v2\/pages"}],"about":[{"href":"https:\/\/prolift.ee\/lv\/wp-json\/wp\/v2\/types\/page"}],"author":[{"embeddable":true,"href":"https:\/\/prolift.ee\/lv\/wp-json\/wp\/v2\/users\/5"}],"replies":[{"embeddable":true,"href":"https:\/\/prolift.ee\/lv\/wp-json\/wp\/v2\/comments?post=25978"}],"version-history":[{"count":28,"href":"https:\/\/prolift.ee\/lv\/wp-json\/wp\/v2\/pages\/25978\/revisions"}],"predecessor-version":[{"id":29021,"href":"https:\/\/prolift.ee\/lv\/wp-json\/wp\/v2\/pages\/25978\/revisions\/29021"}],"wp:attachment":[{"href":"https:\/\/prolift.ee\/lv\/wp-json\/wp\/v2\/media?parent=25978"}],"curies":[{"name":"wp","href":"https:\/\/api.w.org\/{rel}","templated":true}]}}