{"id":31912,"date":"2025-01-14T11:51:52","date_gmt":"2025-01-14T09:51:52","guid":{"rendered":"https:\/\/prolift.ee\/kyberkompetents-eis\/"},"modified":"2025-01-14T11:57:32","modified_gmt":"2025-01-14T09:57:32","slug":"kyberkompetents-eis","status":"publish","type":"page","link":"https:\/\/prolift.ee\/fi\/kyberkompetents-eis\/","title":{"rendered":"Hanketta tukee Euroopan kyberosaamiskeskus ja sen j\u00e4senet."},"content":{"rendered":"\t\t<div data-elementor-type=\"wp-page\" data-elementor-id=\"31912\" class=\"elementor elementor-31912 elementor-31895\" data-elementor-post-type=\"page\">\n\t\t\t\t\t\t<section class=\"elementor-section elementor-top-section elementor-element elementor-element-74f8eee elementor-section-boxed elementor-section-height-default elementor-section-height-default\" data-id=\"74f8eee\" data-element_type=\"section\" data-e-type=\"section\" data-settings=\"{&quot;background_background&quot;:&quot;classic&quot;}\">\n\t\t\t\t\t\t\t<div class=\"elementor-background-overlay\"><\/div>\n\t\t\t\t\t\t\t<div class=\"elementor-container elementor-column-gap-default\">\n\t\t\t\t\t<div class=\"elementor-column elementor-col-100 elementor-top-column elementor-element elementor-element-ab14a6f\" data-id=\"ab14a6f\" data-element_type=\"column\" data-e-type=\"column\">\n\t\t\t<div class=\"elementor-widget-wrap elementor-element-populated\">\n\t\t\t\t\t\t<div class=\"elementor-element elementor-element-1c86ef7 elementor-widget elementor-widget-heading\" data-id=\"1c86ef7\" data-element_type=\"widget\" data-e-type=\"widget\" data-widget_type=\"heading.default\">\n\t\t\t\t<div class=\"elementor-widget-container\">\n\t\t\t\t\t<h2 class=\"elementor-heading-title elementor-size-default\">Hanketta on rahoittanut Euroopan unioni<\/h2>\t\t\t\t<\/div>\n\t\t\t\t<\/div>\n\t\t\t\t<div class=\"elementor-element elementor-element-b7e148d elementor-widget elementor-widget-text-editor\" data-id=\"b7e148d\" data-element_type=\"widget\" data-e-type=\"widget\" data-widget_type=\"text-editor.default\">\n\t\t\t\t<div class=\"elementor-widget-container\">\n\t\t\t\t\t\t\t\t\t<p>Hanketta tukee Euroopan kyberosaamiskeskus ja sen j\u00e4senet.<\/p>\n\t\t\t\t\t\t\t\t<\/div>\n\t\t\t\t<\/div>\n\t\t\t\t<div class=\"elementor-element elementor-element-9cbdc70 elementor-widget elementor-widget-image\" data-id=\"9cbdc70\" data-element_type=\"widget\" data-e-type=\"widget\" data-widget_type=\"image.default\">\n\t\t\t\t<div class=\"elementor-widget-container\">\n\t\t\t\t\t\t\t\t\t\t\t\t\t\t\t<img fetchpriority=\"high\" decoding=\"async\" width=\"768\" height=\"269\" src=\"https:\/\/prolift.ee\/wp-content\/uploads\/2025\/01\/kaks-logo-eng-sinine_white-3-768x269.webp\" class=\"attachment-medium_large size-medium_large wp-image-31899\" alt=\"\" srcset=\"https:\/\/prolift.ee\/wp-content\/uploads\/2025\/01\/kaks-logo-eng-sinine_white-3-768x269.webp 768w, https:\/\/prolift.ee\/wp-content\/uploads\/2025\/01\/kaks-logo-eng-sinine_white-3-550x193.webp 550w, https:\/\/prolift.ee\/wp-content\/uploads\/2025\/01\/kaks-logo-eng-sinine_white-3-1024x358.webp 1024w, https:\/\/prolift.ee\/wp-content\/uploads\/2025\/01\/kaks-logo-eng-sinine_white-3-1536x538.webp 1536w, https:\/\/prolift.ee\/wp-content\/uploads\/2025\/01\/kaks-logo-eng-sinine_white-3.webp 2000w\" sizes=\"(max-width: 768px) 100vw, 768px\" \/>\t\t\t\t\t\t\t\t\t\t\t\t\t\t\t<\/div>\n\t\t\t\t<\/div>\n\t\t\t\t\t<\/div>\n\t\t<\/div>\n\t\t\t\t\t<\/div>\n\t\t<\/section>\n\t\t\t\t<\/div>\n\t\t","protected":false},"excerpt":{"rendered":"<p>Hanketta on rahoittanut Euroopan unioni Hanketta tukee Euroopan kyberosaamiskeskus ja sen j\u00e4senet.<\/p>\n","protected":false},"author":9,"featured_media":0,"parent":0,"menu_order":0,"comment_status":"closed","ping_status":"closed","template":"","meta":{"footnotes":""},"class_list":["post-31912","page","type-page","status-publish","hentry"],"yoast_head":"<!-- This site is optimized with the Yoast SEO plugin v27.3 - https:\/\/yoast.com\/product\/yoast-seo-wordpress\/ -->\n<title>Hanketta tukee Euroopan kyberosaamiskeskus ja sen j\u00e4senet. - Pro Lift O\u00dc<\/title>\n<meta name=\"description\" content=\"Hanketta tukee Euroopan kyberosaamiskeskus ja sen j\u00e4senet.\" \/>\n<meta name=\"robots\" content=\"index, follow, max-snippet:-1, max-image-preview:large, max-video-preview:-1\" \/>\n<link rel=\"canonical\" href=\"https:\/\/prolift.ee\/fi\/kyberkompetents-eis\/\" \/>\n<meta property=\"og:locale\" content=\"fi_FI\" \/>\n<meta property=\"og:type\" content=\"article\" \/>\n<meta property=\"og:title\" content=\"Hanketta tukee Euroopan kyberosaamiskeskus ja sen j\u00e4senet. - Pro Lift O\u00dc\" \/>\n<meta property=\"og:description\" content=\"Hanketta tukee Euroopan kyberosaamiskeskus ja sen j\u00e4senet.\" \/>\n<meta property=\"og:url\" content=\"https:\/\/prolift.ee\/fi\/kyberkompetents-eis\/\" \/>\n<meta property=\"og:site_name\" content=\"Pro Lift O\u00dc\" \/>\n<meta property=\"article:publisher\" content=\"https:\/\/www.facebook.com\/proliftou\" \/>\n<meta property=\"article:modified_time\" content=\"2025-01-14T09:57:32+00:00\" \/>\n<meta property=\"og:image\" content=\"https:\/\/prolift.ee\/wp-content\/uploads\/2025\/01\/kaks-logo-eng-sinine_white-3.webp\" \/>\n\t<meta property=\"og:image:width\" content=\"2000\" \/>\n\t<meta property=\"og:image:height\" content=\"700\" \/>\n\t<meta property=\"og:image:type\" content=\"image\/webp\" \/>\n<meta name=\"twitter:card\" content=\"summary_large_image\" \/>\n<meta name=\"twitter:label1\" content=\"Arvioitu lukuaika\" \/>\n\t<meta name=\"twitter:data1\" content=\"1 minuutti\" \/>\n<script type=\"application\/ld+json\" class=\"yoast-schema-graph\">{\"@context\":\"https:\\\/\\\/schema.org\",\"@graph\":[{\"@type\":\"WebPage\",\"@id\":\"https:\\\/\\\/prolift.ee\\\/fi\\\/kyberkompetents-eis\\\/\",\"url\":\"https:\\\/\\\/prolift.ee\\\/fi\\\/kyberkompetents-eis\\\/\",\"name\":\"Hanketta tukee Euroopan kyberosaamiskeskus ja sen j\u00e4senet. - Pro Lift O\u00dc\",\"isPartOf\":{\"@id\":\"https:\\\/\\\/prolift.ee\\\/fi\\\/#website\"},\"primaryImageOfPage\":{\"@id\":\"https:\\\/\\\/prolift.ee\\\/fi\\\/kyberkompetents-eis\\\/#primaryimage\"},\"image\":{\"@id\":\"https:\\\/\\\/prolift.ee\\\/fi\\\/kyberkompetents-eis\\\/#primaryimage\"},\"thumbnailUrl\":\"https:\\\/\\\/prolift.ee\\\/wp-content\\\/uploads\\\/2025\\\/01\\\/kaks-logo-eng-sinine_white-3-768x269.webp\",\"datePublished\":\"2025-01-14T09:51:52+00:00\",\"dateModified\":\"2025-01-14T09:57:32+00:00\",\"description\":\"Hanketta tukee Euroopan kyberosaamiskeskus ja sen j\u00e4senet.\",\"breadcrumb\":{\"@id\":\"https:\\\/\\\/prolift.ee\\\/fi\\\/kyberkompetents-eis\\\/#breadcrumb\"},\"inLanguage\":\"fi\",\"potentialAction\":[{\"@type\":\"ReadAction\",\"target\":[\"https:\\\/\\\/prolift.ee\\\/fi\\\/kyberkompetents-eis\\\/\"]}]},{\"@type\":\"ImageObject\",\"inLanguage\":\"fi\",\"@id\":\"https:\\\/\\\/prolift.ee\\\/fi\\\/kyberkompetents-eis\\\/#primaryimage\",\"url\":\"https:\\\/\\\/prolift.ee\\\/wp-content\\\/uploads\\\/2025\\\/01\\\/kaks-logo-eng-sinine_white-3-768x269.webp\",\"contentUrl\":\"https:\\\/\\\/prolift.ee\\\/wp-content\\\/uploads\\\/2025\\\/01\\\/kaks-logo-eng-sinine_white-3-768x269.webp\"},{\"@type\":\"BreadcrumbList\",\"@id\":\"https:\\\/\\\/prolift.ee\\\/fi\\\/kyberkompetents-eis\\\/#breadcrumb\",\"itemListElement\":[{\"@type\":\"ListItem\",\"position\":1,\"name\":\"Home\",\"item\":\"https:\\\/\\\/prolift.ee\\\/fi\\\/etusivu\\\/\"},{\"@type\":\"ListItem\",\"position\":2,\"name\":\"Hanketta tukee Euroopan kyberosaamiskeskus ja sen j\u00e4senet.\"}]},{\"@type\":\"WebSite\",\"@id\":\"https:\\\/\\\/prolift.ee\\\/fi\\\/#website\",\"url\":\"https:\\\/\\\/prolift.ee\\\/fi\\\/\",\"name\":\"Pro Lift O\u00dc\",\"description\":\"Pealisehituse valmislahendused\",\"publisher\":{\"@id\":\"https:\\\/\\\/prolift.ee\\\/fi\\\/#organization\"},\"potentialAction\":[{\"@type\":\"SearchAction\",\"target\":{\"@type\":\"EntryPoint\",\"urlTemplate\":\"https:\\\/\\\/prolift.ee\\\/fi\\\/?s={search_term_string}\"},\"query-input\":{\"@type\":\"PropertyValueSpecification\",\"valueRequired\":true,\"valueName\":\"search_term_string\"}}],\"inLanguage\":\"fi\"},{\"@type\":\"Organization\",\"@id\":\"https:\\\/\\\/prolift.ee\\\/fi\\\/#organization\",\"name\":\"Pro Lift O\u00dc\",\"url\":\"https:\\\/\\\/prolift.ee\\\/fi\\\/\",\"logo\":{\"@type\":\"ImageObject\",\"inLanguage\":\"fi\",\"@id\":\"https:\\\/\\\/prolift.ee\\\/fi\\\/#\\\/schema\\\/logo\\\/image\\\/\",\"url\":\"https:\\\/\\\/prolift.ee\\\/wp-content\\\/uploads\\\/2021\\\/07\\\/Logo_Full_Color.svg\",\"contentUrl\":\"https:\\\/\\\/prolift.ee\\\/wp-content\\\/uploads\\\/2021\\\/07\\\/Logo_Full_Color.svg\",\"width\":1,\"height\":1,\"caption\":\"Pro Lift O\u00dc\"},\"image\":{\"@id\":\"https:\\\/\\\/prolift.ee\\\/fi\\\/#\\\/schema\\\/logo\\\/image\\\/\"},\"sameAs\":[\"https:\\\/\\\/www.facebook.com\\\/proliftou\",\"https:\\\/\\\/www.instagram.com\\\/proliftou\\\/\",\"https:\\\/\\\/www.linkedin.com\\\/company\\\/prolift\\\/\"]}]}<\/script>\n<!-- \/ Yoast SEO plugin. -->","yoast_head_json":{"title":"Hanketta tukee Euroopan kyberosaamiskeskus ja sen j\u00e4senet. - Pro Lift O\u00dc","description":"Hanketta tukee Euroopan kyberosaamiskeskus ja sen j\u00e4senet.","robots":{"index":"index","follow":"follow","max-snippet":"max-snippet:-1","max-image-preview":"max-image-preview:large","max-video-preview":"max-video-preview:-1"},"canonical":"https:\/\/prolift.ee\/fi\/kyberkompetents-eis\/","og_locale":"fi_FI","og_type":"article","og_title":"Hanketta tukee Euroopan kyberosaamiskeskus ja sen j\u00e4senet. - Pro Lift O\u00dc","og_description":"Hanketta tukee Euroopan kyberosaamiskeskus ja sen j\u00e4senet.","og_url":"https:\/\/prolift.ee\/fi\/kyberkompetents-eis\/","og_site_name":"Pro Lift O\u00dc","article_publisher":"https:\/\/www.facebook.com\/proliftou","article_modified_time":"2025-01-14T09:57:32+00:00","og_image":[{"width":2000,"height":700,"url":"https:\/\/prolift.ee\/wp-content\/uploads\/2025\/01\/kaks-logo-eng-sinine_white-3.webp","type":"image\/webp"}],"twitter_card":"summary_large_image","twitter_misc":{"Arvioitu lukuaika":"1 minuutti"},"schema":{"@context":"https:\/\/schema.org","@graph":[{"@type":"WebPage","@id":"https:\/\/prolift.ee\/fi\/kyberkompetents-eis\/","url":"https:\/\/prolift.ee\/fi\/kyberkompetents-eis\/","name":"Hanketta tukee Euroopan kyberosaamiskeskus ja sen j\u00e4senet. - Pro Lift O\u00dc","isPartOf":{"@id":"https:\/\/prolift.ee\/fi\/#website"},"primaryImageOfPage":{"@id":"https:\/\/prolift.ee\/fi\/kyberkompetents-eis\/#primaryimage"},"image":{"@id":"https:\/\/prolift.ee\/fi\/kyberkompetents-eis\/#primaryimage"},"thumbnailUrl":"https:\/\/prolift.ee\/wp-content\/uploads\/2025\/01\/kaks-logo-eng-sinine_white-3-768x269.webp","datePublished":"2025-01-14T09:51:52+00:00","dateModified":"2025-01-14T09:57:32+00:00","description":"Hanketta tukee Euroopan kyberosaamiskeskus ja sen j\u00e4senet.","breadcrumb":{"@id":"https:\/\/prolift.ee\/fi\/kyberkompetents-eis\/#breadcrumb"},"inLanguage":"fi","potentialAction":[{"@type":"ReadAction","target":["https:\/\/prolift.ee\/fi\/kyberkompetents-eis\/"]}]},{"@type":"ImageObject","inLanguage":"fi","@id":"https:\/\/prolift.ee\/fi\/kyberkompetents-eis\/#primaryimage","url":"https:\/\/prolift.ee\/wp-content\/uploads\/2025\/01\/kaks-logo-eng-sinine_white-3-768x269.webp","contentUrl":"https:\/\/prolift.ee\/wp-content\/uploads\/2025\/01\/kaks-logo-eng-sinine_white-3-768x269.webp"},{"@type":"BreadcrumbList","@id":"https:\/\/prolift.ee\/fi\/kyberkompetents-eis\/#breadcrumb","itemListElement":[{"@type":"ListItem","position":1,"name":"Home","item":"https:\/\/prolift.ee\/fi\/etusivu\/"},{"@type":"ListItem","position":2,"name":"Hanketta tukee Euroopan kyberosaamiskeskus ja sen j\u00e4senet."}]},{"@type":"WebSite","@id":"https:\/\/prolift.ee\/fi\/#website","url":"https:\/\/prolift.ee\/fi\/","name":"Pro Lift O\u00dc","description":"Pealisehituse valmislahendused","publisher":{"@id":"https:\/\/prolift.ee\/fi\/#organization"},"potentialAction":[{"@type":"SearchAction","target":{"@type":"EntryPoint","urlTemplate":"https:\/\/prolift.ee\/fi\/?s={search_term_string}"},"query-input":{"@type":"PropertyValueSpecification","valueRequired":true,"valueName":"search_term_string"}}],"inLanguage":"fi"},{"@type":"Organization","@id":"https:\/\/prolift.ee\/fi\/#organization","name":"Pro Lift O\u00dc","url":"https:\/\/prolift.ee\/fi\/","logo":{"@type":"ImageObject","inLanguage":"fi","@id":"https:\/\/prolift.ee\/fi\/#\/schema\/logo\/image\/","url":"https:\/\/prolift.ee\/wp-content\/uploads\/2021\/07\/Logo_Full_Color.svg","contentUrl":"https:\/\/prolift.ee\/wp-content\/uploads\/2021\/07\/Logo_Full_Color.svg","width":1,"height":1,"caption":"Pro Lift O\u00dc"},"image":{"@id":"https:\/\/prolift.ee\/fi\/#\/schema\/logo\/image\/"},"sameAs":["https:\/\/www.facebook.com\/proliftou","https:\/\/www.instagram.com\/proliftou\/","https:\/\/www.linkedin.com\/company\/prolift\/"]}]}},"_links":{"self":[{"href":"https:\/\/prolift.ee\/fi\/wp-json\/wp\/v2\/pages\/31912","targetHints":{"allow":["GET"]}}],"collection":[{"href":"https:\/\/prolift.ee\/fi\/wp-json\/wp\/v2\/pages"}],"about":[{"href":"https:\/\/prolift.ee\/fi\/wp-json\/wp\/v2\/types\/page"}],"author":[{"embeddable":true,"href":"https:\/\/prolift.ee\/fi\/wp-json\/wp\/v2\/users\/9"}],"replies":[{"embeddable":true,"href":"https:\/\/prolift.ee\/fi\/wp-json\/wp\/v2\/comments?post=31912"}],"version-history":[{"count":4,"href":"https:\/\/prolift.ee\/fi\/wp-json\/wp\/v2\/pages\/31912\/revisions"}],"predecessor-version":[{"id":31919,"href":"https:\/\/prolift.ee\/fi\/wp-json\/wp\/v2\/pages\/31912\/revisions\/31919"}],"wp:attachment":[{"href":"https:\/\/prolift.ee\/fi\/wp-json\/wp\/v2\/media?parent=31912"}],"curies":[{"name":"wp","href":"https:\/\/api.w.org\/{rel}","templated":true}]}}