{"id":26041,"date":"2024-01-03T15:14:13","date_gmt":"2024-01-03T13:14:13","guid":{"rendered":"https:\/\/prolift.ee\/omatuoteen-kehittaminen-ja-tuotannon-tukeminen\/"},"modified":"2024-01-03T15:14:13","modified_gmt":"2024-01-03T13:14:13","slug":"omatuoteen-kehittaminen-ja-tuotannon-tukeminen","status":"publish","type":"page","link":"https:\/\/prolift.ee\/fi\/omatuoteen-kehittaminen-ja-tuotannon-tukeminen\/","title":{"rendered":"Omatuoteen kehitt\u00e4minen ja tuotannon tukeminen"},"content":{"rendered":"\t\t<div data-elementor-type=\"wp-page\" data-elementor-id=\"26041\" class=\"elementor elementor-26041 elementor-20807\" data-elementor-post-type=\"page\">\n\t\t\t\t\t\t<section class=\"elementor-section elementor-top-section elementor-element elementor-element-74f8eee elementor-section-boxed elementor-section-height-default elementor-section-height-default\" data-id=\"74f8eee\" data-element_type=\"section\" data-e-type=\"section\" data-settings=\"{&quot;background_background&quot;:&quot;classic&quot;}\">\n\t\t\t\t\t\t\t<div class=\"elementor-background-overlay\"><\/div>\n\t\t\t\t\t\t\t<div class=\"elementor-container elementor-column-gap-default\">\n\t\t\t\t\t<div class=\"elementor-column elementor-col-100 elementor-top-column elementor-element elementor-element-ab14a6f\" data-id=\"ab14a6f\" data-element_type=\"column\" data-e-type=\"column\">\n\t\t\t<div class=\"elementor-widget-wrap elementor-element-populated\">\n\t\t\t\t\t\t<div class=\"elementor-element elementor-element-1c86ef7 elementor-widget elementor-widget-heading\" data-id=\"1c86ef7\" data-element_type=\"widget\" data-e-type=\"widget\" data-widget_type=\"heading.default\">\n\t\t\t\t<div class=\"elementor-widget-container\">\n\t\t\t\t\t<h2 class=\"elementor-heading-title elementor-size-default\">Tietoa Euroopan aluekehitysrahaston tuesta<\/h2>\t\t\t\t<\/div>\n\t\t\t\t<\/div>\n\t\t\t\t<div class=\"elementor-element elementor-element-b7e148d elementor-widget elementor-widget-text-editor\" data-id=\"b7e148d\" data-element_type=\"widget\" data-e-type=\"widget\" data-widget_type=\"text-editor.default\">\n\t\t\t\t<div class=\"elementor-widget-container\">\n\t\t\t\t\t\t\t\t\t<p>Hankkeessa luodaan valmiudet kehitt\u00e4\u00e4 ja tuottaa omaa tuotetta ja kehitet\u00e4\u00e4n oma tuote.<\/p>\n<p>Hanketta tukee Euroopan aluekehitysrahasto 385 317 eurolla.<\/p>\n\t\t\t\t\t\t\t\t<\/div>\n\t\t\t\t<\/div>\n\t\t\t\t<div class=\"elementor-element elementor-element-9cbdc70 elementor-widget elementor-widget-image\" data-id=\"9cbdc70\" data-element_type=\"widget\" data-e-type=\"widget\" data-widget_type=\"image.default\">\n\t\t\t\t<div class=\"elementor-widget-container\">\n\t\t\t\t\t\t\t\t\t\t\t\t\t\t\t<img fetchpriority=\"high\" decoding=\"async\" width=\"620\" height=\"181\" src=\"https:\/\/prolift.ee\/wp-content\/uploads\/2021\/09\/EAS-logo-prolift.png\" class=\"attachment-medium_large size-medium_large wp-image-20786\" alt=\"\" srcset=\"https:\/\/prolift.ee\/wp-content\/uploads\/2021\/09\/EAS-logo-prolift.png 620w, https:\/\/prolift.ee\/wp-content\/uploads\/2021\/09\/EAS-logo-prolift-550x161.png 550w\" sizes=\"(max-width: 620px) 100vw, 620px\" \/>\t\t\t\t\t\t\t\t\t\t\t\t\t\t\t<\/div>\n\t\t\t\t<\/div>\n\t\t\t\t\t<\/div>\n\t\t<\/div>\n\t\t\t\t\t<\/div>\n\t\t<\/section>\n\t\t\t\t<\/div>\n\t\t","protected":false},"excerpt":{"rendered":"<p>Tietoa Euroopan aluekehitysrahaston tuesta Hankkeessa luodaan valmiudet kehitt\u00e4\u00e4 ja tuottaa omaa tuotetta ja kehitet\u00e4\u00e4n oma tuote. Hanketta tukee Euroopan aluekehitysrahasto 385 317 eurolla.<\/p>\n","protected":false},"author":6,"featured_media":0,"parent":0,"menu_order":0,"comment_status":"closed","ping_status":"closed","template":"","meta":{"footnotes":""},"class_list":["post-26041","page","type-page","status-publish","hentry"],"yoast_head":"<!-- This site is optimized with the Yoast SEO plugin v27.3 - https:\/\/yoast.com\/product\/yoast-seo-wordpress\/ -->\n<title>Omatuoteen kehitt\u00e4minen ja tuotannon tukeminen - Pro Lift O\u00dc<\/title>\n<meta name=\"description\" content=\"Hankkeessa luodaan valmiudet kehitt\u00e4\u00e4 ja valmistaa oma tuote ja kehitet\u00e4\u00e4n oma tuote.\" \/>\n<meta name=\"robots\" content=\"index, follow, max-snippet:-1, max-image-preview:large, max-video-preview:-1\" \/>\n<link rel=\"canonical\" href=\"https:\/\/prolift.ee\/fi\/omatuoteen-kehittaminen-ja-tuotannon-tukeminen\/\" \/>\n<meta property=\"og:locale\" content=\"fi_FI\" \/>\n<meta property=\"og:type\" content=\"article\" \/>\n<meta property=\"og:title\" content=\"Omatuoteen kehitt\u00e4minen ja tuotannon tukeminen - Pro Lift O\u00dc\" \/>\n<meta property=\"og:description\" content=\"Hankkeessa luodaan valmiudet kehitt\u00e4\u00e4 ja valmistaa oma tuote ja kehitet\u00e4\u00e4n oma tuote.\" \/>\n<meta property=\"og:url\" content=\"https:\/\/prolift.ee\/fi\/omatuoteen-kehittaminen-ja-tuotannon-tukeminen\/\" \/>\n<meta property=\"og:site_name\" content=\"Pro Lift O\u00dc\" \/>\n<meta property=\"article:publisher\" content=\"https:\/\/www.facebook.com\/proliftou\" \/>\n<meta property=\"og:image\" content=\"https:\/\/prolift.ee\/wp-content\/uploads\/2021\/09\/EAS-logo-prolift.png\" \/>\n<meta name=\"twitter:card\" content=\"summary_large_image\" \/>\n<script type=\"application\/ld+json\" class=\"yoast-schema-graph\">{\"@context\":\"https:\\\/\\\/schema.org\",\"@graph\":[{\"@type\":\"WebPage\",\"@id\":\"https:\\\/\\\/prolift.ee\\\/fi\\\/omatuoteen-kehittaminen-ja-tuotannon-tukeminen\\\/\",\"url\":\"https:\\\/\\\/prolift.ee\\\/fi\\\/omatuoteen-kehittaminen-ja-tuotannon-tukeminen\\\/\",\"name\":\"Omatuoteen kehitt\u00e4minen ja tuotannon tukeminen - Pro Lift O\u00dc\",\"isPartOf\":{\"@id\":\"https:\\\/\\\/prolift.ee\\\/fi\\\/#website\"},\"primaryImageOfPage\":{\"@id\":\"https:\\\/\\\/prolift.ee\\\/fi\\\/omatuoteen-kehittaminen-ja-tuotannon-tukeminen\\\/#primaryimage\"},\"image\":{\"@id\":\"https:\\\/\\\/prolift.ee\\\/fi\\\/omatuoteen-kehittaminen-ja-tuotannon-tukeminen\\\/#primaryimage\"},\"thumbnailUrl\":\"https:\\\/\\\/prolift.ee\\\/wp-content\\\/uploads\\\/2021\\\/09\\\/EAS-logo-prolift.png\",\"datePublished\":\"2024-01-03T13:14:13+00:00\",\"description\":\"Hankkeessa luodaan valmiudet kehitt\u00e4\u00e4 ja valmistaa oma tuote ja kehitet\u00e4\u00e4n oma tuote.\",\"breadcrumb\":{\"@id\":\"https:\\\/\\\/prolift.ee\\\/fi\\\/omatuoteen-kehittaminen-ja-tuotannon-tukeminen\\\/#breadcrumb\"},\"inLanguage\":\"fi\",\"potentialAction\":[{\"@type\":\"ReadAction\",\"target\":[\"https:\\\/\\\/prolift.ee\\\/fi\\\/omatuoteen-kehittaminen-ja-tuotannon-tukeminen\\\/\"]}]},{\"@type\":\"ImageObject\",\"inLanguage\":\"fi\",\"@id\":\"https:\\\/\\\/prolift.ee\\\/fi\\\/omatuoteen-kehittaminen-ja-tuotannon-tukeminen\\\/#primaryimage\",\"url\":\"https:\\\/\\\/prolift.ee\\\/wp-content\\\/uploads\\\/2021\\\/09\\\/EAS-logo-prolift.png\",\"contentUrl\":\"https:\\\/\\\/prolift.ee\\\/wp-content\\\/uploads\\\/2021\\\/09\\\/EAS-logo-prolift.png\"},{\"@type\":\"BreadcrumbList\",\"@id\":\"https:\\\/\\\/prolift.ee\\\/fi\\\/omatuoteen-kehittaminen-ja-tuotannon-tukeminen\\\/#breadcrumb\",\"itemListElement\":[{\"@type\":\"ListItem\",\"position\":1,\"name\":\"Home\",\"item\":\"https:\\\/\\\/prolift.ee\\\/fi\\\/etusivu\\\/\"},{\"@type\":\"ListItem\",\"position\":2,\"name\":\"Omatuoteen kehitt\u00e4minen ja tuotannon tukeminen\"}]},{\"@type\":\"WebSite\",\"@id\":\"https:\\\/\\\/prolift.ee\\\/fi\\\/#website\",\"url\":\"https:\\\/\\\/prolift.ee\\\/fi\\\/\",\"name\":\"Pro Lift O\u00dc\",\"description\":\"Pealisehituse valmislahendused\",\"publisher\":{\"@id\":\"https:\\\/\\\/prolift.ee\\\/fi\\\/#organization\"},\"potentialAction\":[{\"@type\":\"SearchAction\",\"target\":{\"@type\":\"EntryPoint\",\"urlTemplate\":\"https:\\\/\\\/prolift.ee\\\/fi\\\/?s={search_term_string}\"},\"query-input\":{\"@type\":\"PropertyValueSpecification\",\"valueRequired\":true,\"valueName\":\"search_term_string\"}}],\"inLanguage\":\"fi\"},{\"@type\":\"Organization\",\"@id\":\"https:\\\/\\\/prolift.ee\\\/fi\\\/#organization\",\"name\":\"Pro Lift O\u00dc\",\"url\":\"https:\\\/\\\/prolift.ee\\\/fi\\\/\",\"logo\":{\"@type\":\"ImageObject\",\"inLanguage\":\"fi\",\"@id\":\"https:\\\/\\\/prolift.ee\\\/fi\\\/#\\\/schema\\\/logo\\\/image\\\/\",\"url\":\"https:\\\/\\\/prolift.ee\\\/wp-content\\\/uploads\\\/2021\\\/07\\\/Logo_Full_Color.svg\",\"contentUrl\":\"https:\\\/\\\/prolift.ee\\\/wp-content\\\/uploads\\\/2021\\\/07\\\/Logo_Full_Color.svg\",\"width\":1,\"height\":1,\"caption\":\"Pro Lift O\u00dc\"},\"image\":{\"@id\":\"https:\\\/\\\/prolift.ee\\\/fi\\\/#\\\/schema\\\/logo\\\/image\\\/\"},\"sameAs\":[\"https:\\\/\\\/www.facebook.com\\\/proliftou\",\"https:\\\/\\\/www.instagram.com\\\/proliftou\\\/\",\"https:\\\/\\\/www.linkedin.com\\\/company\\\/prolift\\\/\"]}]}<\/script>\n<!-- \/ Yoast SEO plugin. -->","yoast_head_json":{"title":"Omatuoteen kehitt\u00e4minen ja tuotannon tukeminen - Pro Lift O\u00dc","description":"Hankkeessa luodaan valmiudet kehitt\u00e4\u00e4 ja valmistaa oma tuote ja kehitet\u00e4\u00e4n oma tuote.","robots":{"index":"index","follow":"follow","max-snippet":"max-snippet:-1","max-image-preview":"max-image-preview:large","max-video-preview":"max-video-preview:-1"},"canonical":"https:\/\/prolift.ee\/fi\/omatuoteen-kehittaminen-ja-tuotannon-tukeminen\/","og_locale":"fi_FI","og_type":"article","og_title":"Omatuoteen kehitt\u00e4minen ja tuotannon tukeminen - Pro Lift O\u00dc","og_description":"Hankkeessa luodaan valmiudet kehitt\u00e4\u00e4 ja valmistaa oma tuote ja kehitet\u00e4\u00e4n oma tuote.","og_url":"https:\/\/prolift.ee\/fi\/omatuoteen-kehittaminen-ja-tuotannon-tukeminen\/","og_site_name":"Pro Lift O\u00dc","article_publisher":"https:\/\/www.facebook.com\/proliftou","og_image":[{"url":"https:\/\/prolift.ee\/wp-content\/uploads\/2021\/09\/EAS-logo-prolift.png","type":"","width":"","height":""}],"twitter_card":"summary_large_image","schema":{"@context":"https:\/\/schema.org","@graph":[{"@type":"WebPage","@id":"https:\/\/prolift.ee\/fi\/omatuoteen-kehittaminen-ja-tuotannon-tukeminen\/","url":"https:\/\/prolift.ee\/fi\/omatuoteen-kehittaminen-ja-tuotannon-tukeminen\/","name":"Omatuoteen kehitt\u00e4minen ja tuotannon tukeminen - Pro Lift O\u00dc","isPartOf":{"@id":"https:\/\/prolift.ee\/fi\/#website"},"primaryImageOfPage":{"@id":"https:\/\/prolift.ee\/fi\/omatuoteen-kehittaminen-ja-tuotannon-tukeminen\/#primaryimage"},"image":{"@id":"https:\/\/prolift.ee\/fi\/omatuoteen-kehittaminen-ja-tuotannon-tukeminen\/#primaryimage"},"thumbnailUrl":"https:\/\/prolift.ee\/wp-content\/uploads\/2021\/09\/EAS-logo-prolift.png","datePublished":"2024-01-03T13:14:13+00:00","description":"Hankkeessa luodaan valmiudet kehitt\u00e4\u00e4 ja valmistaa oma tuote ja kehitet\u00e4\u00e4n oma tuote.","breadcrumb":{"@id":"https:\/\/prolift.ee\/fi\/omatuoteen-kehittaminen-ja-tuotannon-tukeminen\/#breadcrumb"},"inLanguage":"fi","potentialAction":[{"@type":"ReadAction","target":["https:\/\/prolift.ee\/fi\/omatuoteen-kehittaminen-ja-tuotannon-tukeminen\/"]}]},{"@type":"ImageObject","inLanguage":"fi","@id":"https:\/\/prolift.ee\/fi\/omatuoteen-kehittaminen-ja-tuotannon-tukeminen\/#primaryimage","url":"https:\/\/prolift.ee\/wp-content\/uploads\/2021\/09\/EAS-logo-prolift.png","contentUrl":"https:\/\/prolift.ee\/wp-content\/uploads\/2021\/09\/EAS-logo-prolift.png"},{"@type":"BreadcrumbList","@id":"https:\/\/prolift.ee\/fi\/omatuoteen-kehittaminen-ja-tuotannon-tukeminen\/#breadcrumb","itemListElement":[{"@type":"ListItem","position":1,"name":"Home","item":"https:\/\/prolift.ee\/fi\/etusivu\/"},{"@type":"ListItem","position":2,"name":"Omatuoteen kehitt\u00e4minen ja tuotannon tukeminen"}]},{"@type":"WebSite","@id":"https:\/\/prolift.ee\/fi\/#website","url":"https:\/\/prolift.ee\/fi\/","name":"Pro Lift O\u00dc","description":"Pealisehituse valmislahendused","publisher":{"@id":"https:\/\/prolift.ee\/fi\/#organization"},"potentialAction":[{"@type":"SearchAction","target":{"@type":"EntryPoint","urlTemplate":"https:\/\/prolift.ee\/fi\/?s={search_term_string}"},"query-input":{"@type":"PropertyValueSpecification","valueRequired":true,"valueName":"search_term_string"}}],"inLanguage":"fi"},{"@type":"Organization","@id":"https:\/\/prolift.ee\/fi\/#organization","name":"Pro Lift O\u00dc","url":"https:\/\/prolift.ee\/fi\/","logo":{"@type":"ImageObject","inLanguage":"fi","@id":"https:\/\/prolift.ee\/fi\/#\/schema\/logo\/image\/","url":"https:\/\/prolift.ee\/wp-content\/uploads\/2021\/07\/Logo_Full_Color.svg","contentUrl":"https:\/\/prolift.ee\/wp-content\/uploads\/2021\/07\/Logo_Full_Color.svg","width":1,"height":1,"caption":"Pro Lift O\u00dc"},"image":{"@id":"https:\/\/prolift.ee\/fi\/#\/schema\/logo\/image\/"},"sameAs":["https:\/\/www.facebook.com\/proliftou","https:\/\/www.instagram.com\/proliftou\/","https:\/\/www.linkedin.com\/company\/prolift\/"]}]}},"_links":{"self":[{"href":"https:\/\/prolift.ee\/fi\/wp-json\/wp\/v2\/pages\/26041","targetHints":{"allow":["GET"]}}],"collection":[{"href":"https:\/\/prolift.ee\/fi\/wp-json\/wp\/v2\/pages"}],"about":[{"href":"https:\/\/prolift.ee\/fi\/wp-json\/wp\/v2\/types\/page"}],"author":[{"embeddable":true,"href":"https:\/\/prolift.ee\/fi\/wp-json\/wp\/v2\/users\/6"}],"replies":[{"embeddable":true,"href":"https:\/\/prolift.ee\/fi\/wp-json\/wp\/v2\/comments?post=26041"}],"version-history":[{"count":1,"href":"https:\/\/prolift.ee\/fi\/wp-json\/wp\/v2\/pages\/26041\/revisions"}],"predecessor-version":[{"id":26042,"href":"https:\/\/prolift.ee\/fi\/wp-json\/wp\/v2\/pages\/26041\/revisions\/26042"}],"wp:attachment":[{"href":"https:\/\/prolift.ee\/fi\/wp-json\/wp\/v2\/media?parent=26041"}],"curies":[{"name":"wp","href":"https:\/\/api.w.org\/{rel}","templated":true}]}}