{"id":22117,"date":"2022-01-15T18:58:09","date_gmt":"2022-01-15T16:58:09","guid":{"rendered":"https:\/\/prolift.ee\/uutiset\/"},"modified":"2023-08-01T08:38:17","modified_gmt":"2023-08-01T05:38:17","slug":"uutiset","status":"publish","type":"page","link":"https:\/\/prolift.ee\/fi\/uutiset\/","title":{"rendered":"UUTISET"},"content":{"rendered":"\t\t<div data-elementor-type=\"wp-page\" data-elementor-id=\"22117\" class=\"elementor elementor-22117 elementor-20619\" data-elementor-post-type=\"page\">\n\t\t\t\t\t\t<section class=\"elementor-section elementor-top-section elementor-element elementor-element-800d893 elementor-section-boxed elementor-section-height-default elementor-section-height-default\" data-id=\"800d893\" data-element_type=\"section\" data-e-type=\"section\" data-settings=\"{&quot;background_background&quot;:&quot;classic&quot;}\">\n\t\t\t\t\t\t\t<div class=\"elementor-background-overlay\"><\/div>\n\t\t\t\t\t\t\t<div class=\"elementor-container elementor-column-gap-default\">\n\t\t\t\t\t<div class=\"elementor-column elementor-col-100 elementor-top-column elementor-element elementor-element-bf87992\" data-id=\"bf87992\" data-element_type=\"column\" data-e-type=\"column\">\n\t\t\t<div class=\"elementor-widget-wrap elementor-element-populated\">\n\t\t\t\t\t\t<div class=\"elementor-element elementor-element-dc4bf3c elementor-widget elementor-widget-heading\" data-id=\"dc4bf3c\" data-element_type=\"widget\" data-e-type=\"widget\" data-widget_type=\"heading.default\">\n\t\t\t\t<div class=\"elementor-widget-container\">\n\t\t\t\t\t<h1 class=\"elementor-heading-title elementor-size-default\">UUTISET<\/h1>\t\t\t\t<\/div>\n\t\t\t\t<\/div>\n\t\t\t\t<div class=\"elementor-element elementor-element-82b54dc elementor-widget elementor-widget-tp-social-feed\" data-id=\"82b54dc\" data-element_type=\"widget\" data-e-type=\"widget\" data-widget_type=\"tp-social-feed.default\">\n\t\t\t\t<div class=\"elementor-widget-container\">\n\t\t\t\t\t<div id=\"post69dee9f0ebb3b\" class=\"post69dee9f0ebb3b tp-social-feed  list-isotope \"  data-layout-type=\"masonry\"   data-id=\"post69dee9f0ebb3b\" data-style=\"style-1\" data-fancy-option='{\"loop\":true,\"infobar\":true,\"arrows\":true,\"animationEffect\":\"zoom\",\"animationDuration\":366,\"clickContent\":\"next\",\"slideclick\":\"close\",\"transitionEffect\":\"slide\",\"transitionDuration\":366,\"button\":[\"fullScreen\",\"close\"]}' data-scroll-normal='' data-feed-data='{&quot;TextMore&quot;:&quot;N\\u00e4yt\\u00e4 lis\\u00e4\\u00e4&quot;,&quot;TextLess&quot;:&quot;Show Less&quot;}'  dir= data-ids='[\"82b54dc\",\"post69dee9f0ebb3b\"]' data-enable-isotope=\"1\" ><div id=\"post69dee9f0ebb3b\" class=\"tp-row post-inner-loop post69dee9f0ebb3b social-feed-style-1\"><div class=\"grid-item feed- tp-col-lg-4 tp-col-md-6 tp-col-sm-12 tp-col-12 tp-repeater-item-fadb0b7 \" data-index=\"0\" ><div class=\"tp-sf-feed error-class\">\n\t\n\t \n\t\t\t<div class=\"tp-message\">\n\n\t\t\t\t\n\t\t\t\t<div class=\"showtext\">Empty Access Token <\/br>\t\t\t\t\t\t\t\t<\/div>\n\t\t\t\t\t\t\t<\/div>\n\t\t<div class=\"tp-sf-header\"><div class=\"tp-sf-profile\"><img decoding=\"async\" class=\"tp-sf-logo\" src=\"https:\/\/prolift.ee\/wp-content\/plugins\/theplus_elementor_addon\/assets\/images\/tp-placeholder.jpg\"\/><\/div><div class=\"tp-sf-usercontact\"><div class=\"tp-sf-username\">\n\t\t\t\t\t\t\t<a href=\"\" target=\"_blank\" rel=\"noopener noreferrer\">400<\/a><\/div><div class=\"tp-sf-time\">\n\t\t\t\t\t\t\t<a href=\"\" target=\"_blank\" rel=\"noopener noreferrer\"><b>Facebook<\/b><\/a><\/div><\/div><div class=\"tp-sf-logo\">\n\t\t\t\t\t<a href=\"\" class=\"tp-sf-logo-link\" target=\"_blank\" rel=\"noopener noreferrer\" >\n\t\t\t\t\t\t<i class=\"theplus-i-facebook social-logo-fb\"><\/i>\n\t\t\t\t\t<\/a>\n\t\t\t\t<\/div><\/div><div class=\"tp-sf-footer\"><\/div><\/div>\n<\/div><\/div><\/div>\t\t\t\t<\/div>\n\t\t\t\t<\/div>\n\t\t\t\t\t<\/div>\n\t\t<\/div>\n\t\t\t\t\t<\/div>\n\t\t<\/section>\n\t\t\t\t<\/div>\n\t\t","protected":false},"excerpt":{"rendered":"<p>UUTISET Empty Access Token 400 Facebook<\/p>\n","protected":false},"author":6,"featured_media":0,"parent":0,"menu_order":0,"comment_status":"closed","ping_status":"closed","template":"","meta":{"footnotes":""},"class_list":["post-22117","page","type-page","status-publish","hentry"],"yoast_head":"<!-- This site is optimized with the Yoast SEO plugin v27.3 - https:\/\/yoast.com\/product\/yoast-seo-wordpress\/ -->\n<title>UUTISET - Pro Lift O\u00dc<\/title>\n<meta name=\"description\" content=\"Lue lis\u00e4\u00e4 toiminnastamme - viimeisimm\u00e4t projektimme, tapahtumat ja paljon muuta.&quot;\" \/>\n<meta name=\"robots\" content=\"index, follow, max-snippet:-1, max-image-preview:large, max-video-preview:-1\" \/>\n<link rel=\"canonical\" href=\"https:\/\/prolift.ee\/fi\/uutiset\/\" \/>\n<meta property=\"og:locale\" content=\"fi_FI\" \/>\n<meta property=\"og:type\" content=\"article\" \/>\n<meta property=\"og:title\" content=\"Meid\u00e4n uutiset\" \/>\n<meta property=\"og:description\" content=\"Lue lis\u00e4\u00e4 toiminnastamme - viimeisimm\u00e4t projektimme, tapahtumat ja paljon muuta.&quot;\" \/>\n<meta property=\"og:url\" content=\"https:\/\/prolift.ee\/fi\/uutiset\/\" \/>\n<meta property=\"og:site_name\" content=\"Pro Lift O\u00dc\" \/>\n<meta property=\"article:publisher\" content=\"https:\/\/www.facebook.com\/proliftou\" \/>\n<meta property=\"article:modified_time\" content=\"2023-08-01T05:38:17+00:00\" \/>\n<meta property=\"og:image\" content=\"https:\/\/prolift.ee\/wp-content\/uploads\/2022\/04\/Maamess-2022-1-550x413.jpg\" \/>\n<meta name=\"twitter:card\" content=\"summary_large_image\" \/>\n<meta name=\"twitter:title\" content=\"Pro Lift uutiset ja tapahtumat\" \/>\n<meta name=\"twitter:description\" content=\"Lue lis\u00e4\u00e4 toiminnastamme - viimeisimm\u00e4t projektimme, tapahtumat ja paljon muuta.&quot;\" \/>\n<script type=\"application\/ld+json\" class=\"yoast-schema-graph\">{\"@context\":\"https:\\\/\\\/schema.org\",\"@graph\":[{\"@type\":\"WebPage\",\"@id\":\"https:\\\/\\\/prolift.ee\\\/fi\\\/uutiset\\\/\",\"url\":\"https:\\\/\\\/prolift.ee\\\/fi\\\/uutiset\\\/\",\"name\":\"UUTISET - Pro Lift O\u00dc\",\"isPartOf\":{\"@id\":\"https:\\\/\\\/prolift.ee\\\/fi\\\/#website\"},\"primaryImageOfPage\":{\"@id\":\"https:\\\/\\\/prolift.ee\\\/fi\\\/uutiset\\\/#primaryimage\"},\"image\":{\"@id\":\"https:\\\/\\\/prolift.ee\\\/fi\\\/uutiset\\\/#primaryimage\"},\"thumbnailUrl\":\"https:\\\/\\\/prolift.ee\\\/wp-content\\\/plugins\\\/theplus_elementor_addon\\\/assets\\\/images\\\/tp-placeholder.jpg\",\"datePublished\":\"2022-01-15T16:58:09+00:00\",\"dateModified\":\"2023-08-01T05:38:17+00:00\",\"description\":\"Lue lis\u00e4\u00e4 toiminnastamme - viimeisimm\u00e4t projektimme, tapahtumat ja paljon muuta.\\\"\",\"breadcrumb\":{\"@id\":\"https:\\\/\\\/prolift.ee\\\/fi\\\/uutiset\\\/#breadcrumb\"},\"inLanguage\":\"fi\",\"potentialAction\":[{\"@type\":\"ReadAction\",\"target\":[\"https:\\\/\\\/prolift.ee\\\/fi\\\/uutiset\\\/\"]}]},{\"@type\":\"ImageObject\",\"inLanguage\":\"fi\",\"@id\":\"https:\\\/\\\/prolift.ee\\\/fi\\\/uutiset\\\/#primaryimage\",\"url\":\"https:\\\/\\\/prolift.ee\\\/wp-content\\\/plugins\\\/theplus_elementor_addon\\\/assets\\\/images\\\/tp-placeholder.jpg\",\"contentUrl\":\"https:\\\/\\\/prolift.ee\\\/wp-content\\\/plugins\\\/theplus_elementor_addon\\\/assets\\\/images\\\/tp-placeholder.jpg\"},{\"@type\":\"BreadcrumbList\",\"@id\":\"https:\\\/\\\/prolift.ee\\\/fi\\\/uutiset\\\/#breadcrumb\",\"itemListElement\":[{\"@type\":\"ListItem\",\"position\":1,\"name\":\"Home\",\"item\":\"https:\\\/\\\/prolift.ee\\\/fi\\\/etusivu\\\/\"},{\"@type\":\"ListItem\",\"position\":2,\"name\":\"UUTISET\"}]},{\"@type\":\"WebSite\",\"@id\":\"https:\\\/\\\/prolift.ee\\\/fi\\\/#website\",\"url\":\"https:\\\/\\\/prolift.ee\\\/fi\\\/\",\"name\":\"Pro Lift O\u00dc\",\"description\":\"Pealisehituse valmislahendused\",\"publisher\":{\"@id\":\"https:\\\/\\\/prolift.ee\\\/fi\\\/#organization\"},\"potentialAction\":[{\"@type\":\"SearchAction\",\"target\":{\"@type\":\"EntryPoint\",\"urlTemplate\":\"https:\\\/\\\/prolift.ee\\\/fi\\\/?s={search_term_string}\"},\"query-input\":{\"@type\":\"PropertyValueSpecification\",\"valueRequired\":true,\"valueName\":\"search_term_string\"}}],\"inLanguage\":\"fi\"},{\"@type\":\"Organization\",\"@id\":\"https:\\\/\\\/prolift.ee\\\/fi\\\/#organization\",\"name\":\"Pro Lift O\u00dc\",\"url\":\"https:\\\/\\\/prolift.ee\\\/fi\\\/\",\"logo\":{\"@type\":\"ImageObject\",\"inLanguage\":\"fi\",\"@id\":\"https:\\\/\\\/prolift.ee\\\/fi\\\/#\\\/schema\\\/logo\\\/image\\\/\",\"url\":\"https:\\\/\\\/prolift.ee\\\/wp-content\\\/uploads\\\/2021\\\/07\\\/Logo_Full_Color.svg\",\"contentUrl\":\"https:\\\/\\\/prolift.ee\\\/wp-content\\\/uploads\\\/2021\\\/07\\\/Logo_Full_Color.svg\",\"width\":1,\"height\":1,\"caption\":\"Pro Lift O\u00dc\"},\"image\":{\"@id\":\"https:\\\/\\\/prolift.ee\\\/fi\\\/#\\\/schema\\\/logo\\\/image\\\/\"},\"sameAs\":[\"https:\\\/\\\/www.facebook.com\\\/proliftou\",\"https:\\\/\\\/www.instagram.com\\\/proliftou\\\/\",\"https:\\\/\\\/www.linkedin.com\\\/company\\\/prolift\\\/\"]}]}<\/script>\n<!-- \/ Yoast SEO plugin. -->","yoast_head_json":{"title":"UUTISET - Pro Lift O\u00dc","description":"Lue lis\u00e4\u00e4 toiminnastamme - viimeisimm\u00e4t projektimme, tapahtumat ja paljon muuta.\"","robots":{"index":"index","follow":"follow","max-snippet":"max-snippet:-1","max-image-preview":"max-image-preview:large","max-video-preview":"max-video-preview:-1"},"canonical":"https:\/\/prolift.ee\/fi\/uutiset\/","og_locale":"fi_FI","og_type":"article","og_title":"Meid\u00e4n uutiset","og_description":"Lue lis\u00e4\u00e4 toiminnastamme - viimeisimm\u00e4t projektimme, tapahtumat ja paljon muuta.\"","og_url":"https:\/\/prolift.ee\/fi\/uutiset\/","og_site_name":"Pro Lift O\u00dc","article_publisher":"https:\/\/www.facebook.com\/proliftou","article_modified_time":"2023-08-01T05:38:17+00:00","og_image":[{"url":"https:\/\/prolift.ee\/wp-content\/uploads\/2022\/04\/Maamess-2022-1-550x413.jpg","type":"","width":"","height":""}],"twitter_card":"summary_large_image","twitter_title":"Pro Lift uutiset ja tapahtumat","twitter_description":"Lue lis\u00e4\u00e4 toiminnastamme - viimeisimm\u00e4t projektimme, tapahtumat ja paljon muuta.\"","schema":{"@context":"https:\/\/schema.org","@graph":[{"@type":"WebPage","@id":"https:\/\/prolift.ee\/fi\/uutiset\/","url":"https:\/\/prolift.ee\/fi\/uutiset\/","name":"UUTISET - Pro Lift O\u00dc","isPartOf":{"@id":"https:\/\/prolift.ee\/fi\/#website"},"primaryImageOfPage":{"@id":"https:\/\/prolift.ee\/fi\/uutiset\/#primaryimage"},"image":{"@id":"https:\/\/prolift.ee\/fi\/uutiset\/#primaryimage"},"thumbnailUrl":"https:\/\/prolift.ee\/wp-content\/plugins\/theplus_elementor_addon\/assets\/images\/tp-placeholder.jpg","datePublished":"2022-01-15T16:58:09+00:00","dateModified":"2023-08-01T05:38:17+00:00","description":"Lue lis\u00e4\u00e4 toiminnastamme - viimeisimm\u00e4t projektimme, tapahtumat ja paljon muuta.\"","breadcrumb":{"@id":"https:\/\/prolift.ee\/fi\/uutiset\/#breadcrumb"},"inLanguage":"fi","potentialAction":[{"@type":"ReadAction","target":["https:\/\/prolift.ee\/fi\/uutiset\/"]}]},{"@type":"ImageObject","inLanguage":"fi","@id":"https:\/\/prolift.ee\/fi\/uutiset\/#primaryimage","url":"https:\/\/prolift.ee\/wp-content\/plugins\/theplus_elementor_addon\/assets\/images\/tp-placeholder.jpg","contentUrl":"https:\/\/prolift.ee\/wp-content\/plugins\/theplus_elementor_addon\/assets\/images\/tp-placeholder.jpg"},{"@type":"BreadcrumbList","@id":"https:\/\/prolift.ee\/fi\/uutiset\/#breadcrumb","itemListElement":[{"@type":"ListItem","position":1,"name":"Home","item":"https:\/\/prolift.ee\/fi\/etusivu\/"},{"@type":"ListItem","position":2,"name":"UUTISET"}]},{"@type":"WebSite","@id":"https:\/\/prolift.ee\/fi\/#website","url":"https:\/\/prolift.ee\/fi\/","name":"Pro Lift O\u00dc","description":"Pealisehituse valmislahendused","publisher":{"@id":"https:\/\/prolift.ee\/fi\/#organization"},"potentialAction":[{"@type":"SearchAction","target":{"@type":"EntryPoint","urlTemplate":"https:\/\/prolift.ee\/fi\/?s={search_term_string}"},"query-input":{"@type":"PropertyValueSpecification","valueRequired":true,"valueName":"search_term_string"}}],"inLanguage":"fi"},{"@type":"Organization","@id":"https:\/\/prolift.ee\/fi\/#organization","name":"Pro Lift O\u00dc","url":"https:\/\/prolift.ee\/fi\/","logo":{"@type":"ImageObject","inLanguage":"fi","@id":"https:\/\/prolift.ee\/fi\/#\/schema\/logo\/image\/","url":"https:\/\/prolift.ee\/wp-content\/uploads\/2021\/07\/Logo_Full_Color.svg","contentUrl":"https:\/\/prolift.ee\/wp-content\/uploads\/2021\/07\/Logo_Full_Color.svg","width":1,"height":1,"caption":"Pro Lift O\u00dc"},"image":{"@id":"https:\/\/prolift.ee\/fi\/#\/schema\/logo\/image\/"},"sameAs":["https:\/\/www.facebook.com\/proliftou","https:\/\/www.instagram.com\/proliftou\/","https:\/\/www.linkedin.com\/company\/prolift\/"]}]}},"_links":{"self":[{"href":"https:\/\/prolift.ee\/fi\/wp-json\/wp\/v2\/pages\/22117","targetHints":{"allow":["GET"]}}],"collection":[{"href":"https:\/\/prolift.ee\/fi\/wp-json\/wp\/v2\/pages"}],"about":[{"href":"https:\/\/prolift.ee\/fi\/wp-json\/wp\/v2\/types\/page"}],"author":[{"embeddable":true,"href":"https:\/\/prolift.ee\/fi\/wp-json\/wp\/v2\/users\/6"}],"replies":[{"embeddable":true,"href":"https:\/\/prolift.ee\/fi\/wp-json\/wp\/v2\/comments?post=22117"}],"version-history":[{"count":1,"href":"https:\/\/prolift.ee\/fi\/wp-json\/wp\/v2\/pages\/22117\/revisions"}],"predecessor-version":[{"id":22118,"href":"https:\/\/prolift.ee\/fi\/wp-json\/wp\/v2\/pages\/22117\/revisions\/22118"}],"wp:attachment":[{"href":"https:\/\/prolift.ee\/fi\/wp-json\/wp\/v2\/media?parent=22117"}],"curies":[{"name":"wp","href":"https:\/\/api.w.org\/{rel}","templated":true}]}}